{"id":16912,"date":"2024-09-20T11:46:48","date_gmt":"2024-09-20T09:46:48","guid":{"rendered":"https:\/\/inter-faces.eu\/?page_id=16912"},"modified":"2025-04-07T10:49:58","modified_gmt":"2025-04-07T08:49:58","slug":"dressings","status":"publish","type":"page","link":"https:\/\/inter-faces.eu\/index.php\/dressings\/","title":{"rendered":"Dressings"},"content":{"rendered":"\t\t<div data-elementor-type=\"wp-page\" data-elementor-id=\"16912\" class=\"elementor elementor-16912\" data-elementor-post-type=\"page\">\n\t\t\t\t<div class=\"elementor-element elementor-element-649c2197 e-con-full e-flex e-con e-parent\" data-id=\"649c2197\" data-element_type=\"container\" data-core-v316-plus=\"true\">\n\t\t\t\t<div class=\"elementor-element elementor-element-3c1accde elementor-widget elementor-widget-hiroshi_core_section_title\" data-id=\"3c1accde\" data-element_type=\"widget\" data-widget_type=\"hiroshi_core_section_title.default\">\n\t\t\t\t<div class=\"elementor-widget-container\">\n\t\t\t<div class=\"qodef-shortcode qodef-m  qodef-section-title qodef-alignment--left \">\n\t\t<h1 class=\"qodef-m-title\" >\n\t\t\t\t\tDressings et garde-robes sur mesure chez Inter-Faces \t\t\t<\/h1>\n\t\t<p class=\"qodef-m-text\" >Concevoir votre dressing comme bon vous semble, cr\u00e9er une pi\u00e8ce d\u00e9di\u00e9e ou am\u00e9nager une chambre, exploiter le moindre recoin d\u2019une pi\u00e8ce mansard\u00e9e pour disposer d\u2019un agencement optimal, aux multiples espaces de rangement. \n\n\nParfaitement modulables, nos solutions de dressings permettent une grande souplesse, et notre bureau d\u2019\u00e9tude est \u00e0 m\u00eame de concevoir votre projet au plus pr\u00e8s de vos exigences.\n\u00c0 vous de choisir le nombre de penderies, d&#039;\u00e9tag\u00e8res fixes et mobiles, de casiers \u00e0 chaussures, de tiroirs et autres niches ouvertes ou ferm\u00e9es. \nNous vous proposons des fa\u00e7ades bois, laqu\u00e9es ou mates, ou transparentes ou non dans une infinit\u00e9 de coloris et de mati\u00e8res ainsi que des solutions d\u2019\u00e9clairages parfaitement adapt\u00e9es.\nVotre dressing personnalis\u00e9 et sur mesure en somme !\n\n\n\n<\/p>\n<\/div>\n\t\t<\/div>\n\t\t\t\t<\/div>\n\t\t\t\t<\/div>\n\t\t\t\t<section class=\"elementor-section elementor-top-section elementor-element elementor-element-661fdc45 elementor-section-full_width qodef-elementor-content-grid elementor-section-height-default elementor-section-height-default qodef-elementor-column-no\" data-id=\"661fdc45\" data-element_type=\"section\">\n\t\t\t\t\t\t<div class=\"elementor-container elementor-column-gap-default\">\n\t\t\t\t\t<div class=\"elementor-column elementor-col-100 elementor-top-column elementor-element elementor-element-23f4da1f\" data-id=\"23f4da1f\" data-element_type=\"column\">\n\t\t\t<div class=\"elementor-widget-wrap elementor-element-populated\">\n\t\t\t\t\t\t<div class=\"elementor-element elementor-element-4c171564 elementor-widget elementor-widget-hiroshi_core_portfolio_list\" data-id=\"4c171564\" data-element_type=\"widget\" data-widget_type=\"hiroshi_core_portfolio_list.default\">\n\t\t\t\t<div class=\"elementor-widget-container\">\n\t\t\t<div class=\"qodef-shortcode qodef-m  qodef-portfolio-list qodef-item-layout--info-below  qodef-grid qodef-layout--columns  qodef-gutter--tiny qodef-col-num--3 qodef-item-layout--info-below qodef--no-bottom-space qodef-pagination--off qodef-responsive--predefined qodef-hover-animation--move-text\" data-options=\"{&quot;plugin&quot;:&quot;hiroshi_core&quot;,&quot;module&quot;:&quot;post-types\\\/portfolio\\\/shortcodes&quot;,&quot;shortcode&quot;:&quot;portfolio-list&quot;,&quot;post_type&quot;:&quot;portfolio-item&quot;,&quot;next_page&quot;:&quot;2&quot;,&quot;max_pages_num&quot;:1,&quot;behavior&quot;:&quot;columns&quot;,&quot;images_proportion&quot;:&quot;full&quot;,&quot;columns&quot;:&quot;3&quot;,&quot;columns_responsive&quot;:&quot;predefined&quot;,&quot;space&quot;:&quot;tiny&quot;,&quot;posts_per_page&quot;:&quot;200&quot;,&quot;orderby&quot;:&quot;date&quot;,&quot;order&quot;:&quot;DESC&quot;,&quot;additional_params&quot;:&quot;tax&quot;,&quot;tax&quot;:&quot;portfolio-tag&quot;,&quot;tax_slug&quot;:&quot;dressings&quot;,&quot;layout&quot;:&quot;info-below&quot;,&quot;hover_animation_info-below&quot;:&quot;move-text&quot;,&quot;hover_animation_info-follow&quot;:&quot;follow&quot;,&quot;hover_animation_info-on-hover&quot;:&quot;fade-in&quot;,&quot;title_tag&quot;:&quot;h4&quot;,&quot;enable_category&quot;:&quot;yes&quot;,&quot;zigzag&quot;:&quot;no&quot;,&quot;custom_margin&quot;:&quot;no&quot;,&quot;enable_appear&quot;:&quot;no&quot;,&quot;pagination_type&quot;:&quot;no-pagination&quot;,&quot;info_below_content_margin&quot;:&quot;24px 0 30px 0px&quot;,&quot;object_class_name&quot;:&quot;HiroshiCore_Portfolio_List_Shortcode&quot;,&quot;taxonomy_filter&quot;:&quot;portfolio-tag&quot;,&quot;additional_query_args&quot;:{&quot;tax_query&quot;:[{&quot;taxonomy&quot;:&quot;portfolio-tag&quot;,&quot;field&quot;:&quot;slug&quot;,&quot;terms&quot;:&quot;dressings&quot;}]},&quot;space_value&quot;:4}\">\n\t\t<div class=\"qodef-grid-inner clear\">\n\t\t<article class=\"qodef-e qodef-grid-item qodef-item--full  post-16838 portfolio-item type-portfolio-item status-publish has-post-thumbnail hentry portfolio-category-dressings portfolio-tag-dressings\">\n\t<div class=\"qodef-e-inner\" >\n\t\t<div class=\"qodef-e-image\">\n\t\t\t\t<div class=\"qodef-e-media-image\">\n\t\t<a itemprop=\"url\" href=\"https:\/\/inter-faces.eu\/index.php\/portfolio-item\/dressings-et-garde-robes-sur-mesure-chez-inter-faces-2\/\" target=\"_self\">\n\t\t\t<img fetchpriority=\"high\" decoding=\"async\" width=\"1500\" height=\"1999\" src=\"https:\/\/inter-faces.eu\/wp-content\/uploads\/2024\/09\/20221118-27811-01_Porro_portamaglioni-cassettiera-sospesa-legno.jpg\" class=\"attachment-full size-full wp-post-image\" alt=\"\" srcset=\"https:\/\/inter-faces.eu\/wp-content\/uploads\/2024\/09\/20221118-27811-01_Porro_portamaglioni-cassettiera-sospesa-legno.jpg 1500w, https:\/\/inter-faces.eu\/wp-content\/uploads\/2024\/09\/20221118-27811-01_Porro_portamaglioni-cassettiera-sospesa-legno-225x300.jpg 225w, https:\/\/inter-faces.eu\/wp-content\/uploads\/2024\/09\/20221118-27811-01_Porro_portamaglioni-cassettiera-sospesa-legno-768x1023.jpg 768w, https:\/\/inter-faces.eu\/wp-content\/uploads\/2024\/09\/20221118-27811-01_Porro_portamaglioni-cassettiera-sospesa-legno-1153x1536.jpg 1153w, https:\/\/inter-faces.eu\/wp-content\/uploads\/2024\/09\/20221118-27811-01_Porro_portamaglioni-cassettiera-sospesa-legno-600x800.jpg 600w\" sizes=\"(max-width: 1500px) 100vw, 1500px\" \/>\t\t<\/a>\n\t<\/div>\n\t\t\t\t\t<\/div>\n\t\t<div class=\"qodef-e-content\" style=\"margin:24px 0 30px 0px\">\n\t\t\t<div class=\"qodef-e-text\">\n\t\t\t\t<h4 itemprop=\"name\" class=\"qodef-e-title entry-title\" >\n\t<a itemprop=\"url\" class=\"qodef-e-title-link\" href=\"https:\/\/inter-faces.eu\/index.php\/portfolio-item\/dressings-et-garde-robes-sur-mesure-chez-inter-faces-2\/\" target=\"_self\">\n\t\tDressings et garde-robes sur mesure chez Inter-Faces\t<\/a>\n<\/h4>\n\t\t\t<\/div>\n\t\t\t<div class=\"qodef-e-top-holder\">\n\t\t\t\t<div class=\"qodef-e-info\">\n\t\t\t\t\t\t<a href=\"https:\/\/inter-faces.eu\/index.php\/portfolio-category\/dressings\/\" rel=\"tag\">Dressings<\/a>\t<div class=\"qodef-info-separator-end\"><\/div>\n\t\t\t\t<\/div>\n\t\t\t<\/div>\n\t\t<\/div>\n\t<\/div>\n<\/article>\n<article class=\"qodef-e qodef-grid-item qodef-item--full  post-16839 portfolio-item type-portfolio-item status-publish has-post-thumbnail hentry portfolio-category-dressings portfolio-tag-dressings\">\n\t<div class=\"qodef-e-inner\" >\n\t\t<div class=\"qodef-e-image\">\n\t\t\t\t<div class=\"qodef-e-media-image\">\n\t\t<a itemprop=\"url\" href=\"https:\/\/inter-faces.eu\/index.php\/portfolio-item\/dressings-et-garde-robes-sur-mesure-chez-inter-faces-3\/\" target=\"_self\">\n\t\t\t<img decoding=\"async\" width=\"1426\" height=\"1152\" src=\"https:\/\/inter-faces.eu\/wp-content\/uploads\/2024\/09\/caccaro_cabine_vetro_02-e1726646147962.jpg\" class=\"attachment-full size-full wp-post-image\" alt=\"\" srcset=\"https:\/\/inter-faces.eu\/wp-content\/uploads\/2024\/09\/caccaro_cabine_vetro_02-e1726646147962.jpg 1426w, https:\/\/inter-faces.eu\/wp-content\/uploads\/2024\/09\/caccaro_cabine_vetro_02-e1726646147962-300x242.jpg 300w, https:\/\/inter-faces.eu\/wp-content\/uploads\/2024\/09\/caccaro_cabine_vetro_02-e1726646147962-1024x827.jpg 1024w, https:\/\/inter-faces.eu\/wp-content\/uploads\/2024\/09\/caccaro_cabine_vetro_02-e1726646147962-768x620.jpg 768w, https:\/\/inter-faces.eu\/wp-content\/uploads\/2024\/09\/caccaro_cabine_vetro_02-e1726646147962-600x485.jpg 600w\" sizes=\"(max-width: 1426px) 100vw, 1426px\" \/>\t\t<\/a>\n\t<\/div>\n\t\t\t\t\t<\/div>\n\t\t<div class=\"qodef-e-content\" style=\"margin:24px 0 30px 0px\">\n\t\t\t<div class=\"qodef-e-text\">\n\t\t\t\t<h4 itemprop=\"name\" class=\"qodef-e-title entry-title\" >\n\t<a itemprop=\"url\" class=\"qodef-e-title-link\" href=\"https:\/\/inter-faces.eu\/index.php\/portfolio-item\/dressings-et-garde-robes-sur-mesure-chez-inter-faces-3\/\" target=\"_self\">\n\t\tDressings et garde-robes sur mesure chez Inter-Faces\t<\/a>\n<\/h4>\n\t\t\t<\/div>\n\t\t\t<div class=\"qodef-e-top-holder\">\n\t\t\t\t<div class=\"qodef-e-info\">\n\t\t\t\t\t\t<a href=\"https:\/\/inter-faces.eu\/index.php\/portfolio-category\/dressings\/\" rel=\"tag\">Dressings<\/a>\t<div class=\"qodef-info-separator-end\"><\/div>\n\t\t\t\t<\/div>\n\t\t\t<\/div>\n\t\t<\/div>\n\t<\/div>\n<\/article>\n<article class=\"qodef-e qodef-grid-item qodef-item--full  post-16837 portfolio-item type-portfolio-item status-publish has-post-thumbnail hentry portfolio-category-dressings portfolio-tag-dressings\">\n\t<div class=\"qodef-e-inner\" >\n\t\t<div class=\"qodef-e-image\">\n\t\t\t\t<div class=\"qodef-e-media-image\">\n\t\t<a itemprop=\"url\" href=\"https:\/\/inter-faces.eu\/index.php\/portfolio-item\/dressings-et-garde-robes-sur-mesure-chez-inter-faces\/\" target=\"_self\">\n\t\t\t<img decoding=\"async\" width=\"1500\" height=\"1999\" src=\"https:\/\/inter-faces.eu\/wp-content\/uploads\/2024\/09\/20221018-27727-28_Storage_dressing.jpg\" class=\"attachment-full size-full wp-post-image\" alt=\"\" srcset=\"https:\/\/inter-faces.eu\/wp-content\/uploads\/2024\/09\/20221018-27727-28_Storage_dressing.jpg 1500w, https:\/\/inter-faces.eu\/wp-content\/uploads\/2024\/09\/20221018-27727-28_Storage_dressing-225x300.jpg 225w, https:\/\/inter-faces.eu\/wp-content\/uploads\/2024\/09\/20221018-27727-28_Storage_dressing-768x1023.jpg 768w, https:\/\/inter-faces.eu\/wp-content\/uploads\/2024\/09\/20221018-27727-28_Storage_dressing-1153x1536.jpg 1153w, https:\/\/inter-faces.eu\/wp-content\/uploads\/2024\/09\/20221018-27727-28_Storage_dressing-600x800.jpg 600w\" sizes=\"(max-width: 1500px) 100vw, 1500px\" \/>\t\t<\/a>\n\t<\/div>\n\t\t\t\t\t<\/div>\n\t\t<div class=\"qodef-e-content\" style=\"margin:24px 0 30px 0px\">\n\t\t\t<div class=\"qodef-e-text\">\n\t\t\t\t<h4 itemprop=\"name\" class=\"qodef-e-title entry-title\" >\n\t<a itemprop=\"url\" class=\"qodef-e-title-link\" href=\"https:\/\/inter-faces.eu\/index.php\/portfolio-item\/dressings-et-garde-robes-sur-mesure-chez-inter-faces\/\" target=\"_self\">\n\t\tDressings et garde-robes sur mesure chez Inter-Faces\t<\/a>\n<\/h4>\n\t\t\t<\/div>\n\t\t\t<div class=\"qodef-e-top-holder\">\n\t\t\t\t<div class=\"qodef-e-info\">\n\t\t\t\t\t\t<a href=\"https:\/\/inter-faces.eu\/index.php\/portfolio-category\/dressings\/\" rel=\"tag\">Dressings<\/a>\t<div class=\"qodef-info-separator-end\"><\/div>\n\t\t\t\t<\/div>\n\t\t\t<\/div>\n\t\t<\/div>\n\t<\/div>\n<\/article>\n\t<\/div>\n\t<\/div>\n\t\t<\/div>\n\t\t\t\t<\/div>\n\t\t<div class=\"elementor-element elementor-element-0d4ce54 e-flex e-con-boxed e-con e-parent\" data-id=\"0d4ce54\" data-element_type=\"container\" data-core-v316-plus=\"true\">\n\t\t\t\t\t<div class=\"e-con-inner\">\n\t\t\t\t\t<\/div>\n\t\t\t\t<\/div>\n\t\t\t\t\t<\/div>\n\t\t<\/div>\n\t\t\t\t\t<\/div>\n\t\t<\/section>\n\t\t\t\t<\/div>\n\t\t<button class=\"simplefavorite-button\" data-postid=\"16837\" data-siteid=\"1\" data-groupid=\"1\" data-favoritecount=\"0\" style=\"\">Ajouter \u00e0 ma liste d'envies <i class=\"fa-solid fa-heart\"><\/i><\/button>","protected":false},"excerpt":{"rendered":"<p>Dressings et garde-robes sur mesure chez Inter-Faces Concevoir votre dressing comme bon vous semble, cr\u00e9er une pi\u00e8ce d\u00e9di\u00e9e ou am\u00e9nager une chambre, exploiter le moindre recoin d\u2019une pi\u00e8ce mansard\u00e9e pour disposer d\u2019un agencement optimal, aux multiples espaces de rangement. Parfaitement modulables, nos solutions de dressings permettent une grande souplesse, et notre bureau d\u2019\u00e9tude est \u00e0 [&hellip;]<\/p>\n","protected":false},"author":1,"featured_media":0,"parent":0,"menu_order":0,"comment_status":"closed","ping_status":"closed","template":"","meta":{"footnotes":""},"yoast_head":"<!-- This site is optimized with the Yoast SEO plugin v22.6 - https:\/\/yoast.com\/wordpress\/plugins\/seo\/ -->\n<title>Dressings - Inter-Faces<\/title>\n<meta name=\"robots\" content=\"index, follow, max-snippet:-1, max-image-preview:large, max-video-preview:-1\" \/>\n<link rel=\"canonical\" href=\"https:\/\/inter-faces.eu\/index.php\/dressings\/\" \/>\n<meta property=\"og:locale\" content=\"fr_FR\" \/>\n<meta property=\"og:type\" content=\"article\" \/>\n<meta property=\"og:title\" content=\"Dressings - Inter-Faces\" \/>\n<meta property=\"og:description\" content=\"Dressings et garde-robes sur mesure chez Inter-Faces Concevoir votre dressing comme bon vous semble, cr\u00e9er une pi\u00e8ce d\u00e9di\u00e9e ou am\u00e9nager une chambre, exploiter le moindre recoin d\u2019une pi\u00e8ce mansard\u00e9e pour disposer d\u2019un agencement optimal, aux multiples espaces de rangement. Parfaitement modulables, nos solutions de dressings permettent une grande souplesse, et notre bureau d\u2019\u00e9tude est \u00e0 [&hellip;]\" \/>\n<meta property=\"og:url\" content=\"https:\/\/inter-faces.eu\/index.php\/dressings\/\" \/>\n<meta property=\"og:site_name\" content=\"Inter-Faces\" \/>\n<meta property=\"article:publisher\" content=\"https:\/\/www.facebook.com\/interfacestoulon\" \/>\n<meta property=\"article:modified_time\" content=\"2025-04-07T08:49:58+00:00\" \/>\n<meta property=\"og:image\" content=\"https:\/\/inter-faces.eu\/wp-content\/uploads\/2024\/09\/20221118-27811-01_Porro_portamaglioni-cassettiera-sospesa-legno.jpg\" \/>\n<meta name=\"twitter:card\" content=\"summary_large_image\" \/>\n<meta name=\"twitter:label1\" content=\"Dur\u00e9e de lecture estim\u00e9e\" \/>\n\t<meta name=\"twitter:data1\" content=\"2 minutes\" \/>\n<script type=\"application\/ld+json\" class=\"yoast-schema-graph\">{\"@context\":\"https:\/\/schema.org\",\"@graph\":[{\"@type\":\"WebPage\",\"@id\":\"https:\/\/inter-faces.eu\/index.php\/dressings\/\",\"url\":\"https:\/\/inter-faces.eu\/index.php\/dressings\/\",\"name\":\"Dressings - Inter-Faces\",\"isPartOf\":{\"@id\":\"https:\/\/inter-faces.eu\/#website\"},\"primaryImageOfPage\":{\"@id\":\"https:\/\/inter-faces.eu\/index.php\/dressings\/#primaryimage\"},\"image\":{\"@id\":\"https:\/\/inter-faces.eu\/index.php\/dressings\/#primaryimage\"},\"thumbnailUrl\":\"https:\/\/inter-faces.eu\/wp-content\/uploads\/2024\/09\/20221118-27811-01_Porro_portamaglioni-cassettiera-sospesa-legno.jpg\",\"datePublished\":\"2024-09-20T09:46:48+00:00\",\"dateModified\":\"2025-04-07T08:49:58+00:00\",\"breadcrumb\":{\"@id\":\"https:\/\/inter-faces.eu\/index.php\/dressings\/#breadcrumb\"},\"inLanguage\":\"fr-FR\",\"potentialAction\":[{\"@type\":\"ReadAction\",\"target\":[\"https:\/\/inter-faces.eu\/index.php\/dressings\/\"]}]},{\"@type\":\"ImageObject\",\"inLanguage\":\"fr-FR\",\"@id\":\"https:\/\/inter-faces.eu\/index.php\/dressings\/#primaryimage\",\"url\":\"https:\/\/inter-faces.eu\/wp-content\/uploads\/2024\/09\/20221118-27811-01_Porro_portamaglioni-cassettiera-sospesa-legno.jpg\",\"contentUrl\":\"https:\/\/inter-faces.eu\/wp-content\/uploads\/2024\/09\/20221118-27811-01_Porro_portamaglioni-cassettiera-sospesa-legno.jpg\",\"width\":1500,\"height\":1999},{\"@type\":\"BreadcrumbList\",\"@id\":\"https:\/\/inter-faces.eu\/index.php\/dressings\/#breadcrumb\",\"itemListElement\":[{\"@type\":\"ListItem\",\"position\":1,\"name\":\"Accueil\",\"item\":\"https:\/\/inter-faces.eu\/\"},{\"@type\":\"ListItem\",\"position\":2,\"name\":\"Dressings\"}]},{\"@type\":\"WebSite\",\"@id\":\"https:\/\/inter-faces.eu\/#website\",\"url\":\"https:\/\/inter-faces.eu\/\",\"name\":\"Inter-Faces\",\"description\":\"\",\"publisher\":{\"@id\":\"https:\/\/inter-faces.eu\/#organization\"},\"potentialAction\":[{\"@type\":\"SearchAction\",\"target\":{\"@type\":\"EntryPoint\",\"urlTemplate\":\"https:\/\/inter-faces.eu\/?s={search_term_string}\"},\"query-input\":\"required name=search_term_string\"}],\"inLanguage\":\"fr-FR\"},{\"@type\":\"Organization\",\"@id\":\"https:\/\/inter-faces.eu\/#organization\",\"name\":\"Inter-Faces\",\"url\":\"https:\/\/inter-faces.eu\/\",\"logo\":{\"@type\":\"ImageObject\",\"inLanguage\":\"fr-FR\",\"@id\":\"https:\/\/inter-faces.eu\/#\/schema\/logo\/image\/\",\"url\":\"https:\/\/inter-faces.eu\/wp-content\/uploads\/2024\/02\/logo.png\",\"contentUrl\":\"https:\/\/inter-faces.eu\/wp-content\/uploads\/2024\/02\/logo.png\",\"width\":400,\"height\":155,\"caption\":\"Inter-Faces\"},\"image\":{\"@id\":\"https:\/\/inter-faces.eu\/#\/schema\/logo\/image\/\"},\"sameAs\":[\"https:\/\/www.facebook.com\/interfacestoulon\",\"https:\/\/www.instagram.com\/inter_faces_mobilier\",\"https:\/\/www.youtube.com\/user\/interfacesmc\"]}]}<\/script>\n<!-- \/ Yoast SEO plugin. -->","yoast_head_json":{"title":"Dressings - Inter-Faces","robots":{"index":"index","follow":"follow","max-snippet":"max-snippet:-1","max-image-preview":"max-image-preview:large","max-video-preview":"max-video-preview:-1"},"canonical":"https:\/\/inter-faces.eu\/index.php\/dressings\/","og_locale":"fr_FR","og_type":"article","og_title":"Dressings - Inter-Faces","og_description":"Dressings et garde-robes sur mesure chez Inter-Faces Concevoir votre dressing comme bon vous semble, cr\u00e9er une pi\u00e8ce d\u00e9di\u00e9e ou am\u00e9nager une chambre, exploiter le moindre recoin d\u2019une pi\u00e8ce mansard\u00e9e pour disposer d\u2019un agencement optimal, aux multiples espaces de rangement. Parfaitement modulables, nos solutions de dressings permettent une grande souplesse, et notre bureau d\u2019\u00e9tude est \u00e0 [&hellip;]","og_url":"https:\/\/inter-faces.eu\/index.php\/dressings\/","og_site_name":"Inter-Faces","article_publisher":"https:\/\/www.facebook.com\/interfacestoulon","article_modified_time":"2025-04-07T08:49:58+00:00","og_image":[{"url":"https:\/\/inter-faces.eu\/wp-content\/uploads\/2024\/09\/20221118-27811-01_Porro_portamaglioni-cassettiera-sospesa-legno.jpg"}],"twitter_card":"summary_large_image","twitter_misc":{"Dur\u00e9e de lecture estim\u00e9e":"2 minutes"},"schema":{"@context":"https:\/\/schema.org","@graph":[{"@type":"WebPage","@id":"https:\/\/inter-faces.eu\/index.php\/dressings\/","url":"https:\/\/inter-faces.eu\/index.php\/dressings\/","name":"Dressings - Inter-Faces","isPartOf":{"@id":"https:\/\/inter-faces.eu\/#website"},"primaryImageOfPage":{"@id":"https:\/\/inter-faces.eu\/index.php\/dressings\/#primaryimage"},"image":{"@id":"https:\/\/inter-faces.eu\/index.php\/dressings\/#primaryimage"},"thumbnailUrl":"https:\/\/inter-faces.eu\/wp-content\/uploads\/2024\/09\/20221118-27811-01_Porro_portamaglioni-cassettiera-sospesa-legno.jpg","datePublished":"2024-09-20T09:46:48+00:00","dateModified":"2025-04-07T08:49:58+00:00","breadcrumb":{"@id":"https:\/\/inter-faces.eu\/index.php\/dressings\/#breadcrumb"},"inLanguage":"fr-FR","potentialAction":[{"@type":"ReadAction","target":["https:\/\/inter-faces.eu\/index.php\/dressings\/"]}]},{"@type":"ImageObject","inLanguage":"fr-FR","@id":"https:\/\/inter-faces.eu\/index.php\/dressings\/#primaryimage","url":"https:\/\/inter-faces.eu\/wp-content\/uploads\/2024\/09\/20221118-27811-01_Porro_portamaglioni-cassettiera-sospesa-legno.jpg","contentUrl":"https:\/\/inter-faces.eu\/wp-content\/uploads\/2024\/09\/20221118-27811-01_Porro_portamaglioni-cassettiera-sospesa-legno.jpg","width":1500,"height":1999},{"@type":"BreadcrumbList","@id":"https:\/\/inter-faces.eu\/index.php\/dressings\/#breadcrumb","itemListElement":[{"@type":"ListItem","position":1,"name":"Accueil","item":"https:\/\/inter-faces.eu\/"},{"@type":"ListItem","position":2,"name":"Dressings"}]},{"@type":"WebSite","@id":"https:\/\/inter-faces.eu\/#website","url":"https:\/\/inter-faces.eu\/","name":"Inter-Faces","description":"","publisher":{"@id":"https:\/\/inter-faces.eu\/#organization"},"potentialAction":[{"@type":"SearchAction","target":{"@type":"EntryPoint","urlTemplate":"https:\/\/inter-faces.eu\/?s={search_term_string}"},"query-input":"required name=search_term_string"}],"inLanguage":"fr-FR"},{"@type":"Organization","@id":"https:\/\/inter-faces.eu\/#organization","name":"Inter-Faces","url":"https:\/\/inter-faces.eu\/","logo":{"@type":"ImageObject","inLanguage":"fr-FR","@id":"https:\/\/inter-faces.eu\/#\/schema\/logo\/image\/","url":"https:\/\/inter-faces.eu\/wp-content\/uploads\/2024\/02\/logo.png","contentUrl":"https:\/\/inter-faces.eu\/wp-content\/uploads\/2024\/02\/logo.png","width":400,"height":155,"caption":"Inter-Faces"},"image":{"@id":"https:\/\/inter-faces.eu\/#\/schema\/logo\/image\/"},"sameAs":["https:\/\/www.facebook.com\/interfacestoulon","https:\/\/www.instagram.com\/inter_faces_mobilier","https:\/\/www.youtube.com\/user\/interfacesmc"]}]}},"_links":{"self":[{"href":"https:\/\/inter-faces.eu\/index.php\/wp-json\/wp\/v2\/pages\/16912"}],"collection":[{"href":"https:\/\/inter-faces.eu\/index.php\/wp-json\/wp\/v2\/pages"}],"about":[{"href":"https:\/\/inter-faces.eu\/index.php\/wp-json\/wp\/v2\/types\/page"}],"author":[{"embeddable":true,"href":"https:\/\/inter-faces.eu\/index.php\/wp-json\/wp\/v2\/users\/1"}],"replies":[{"embeddable":true,"href":"https:\/\/inter-faces.eu\/index.php\/wp-json\/wp\/v2\/comments?post=16912"}],"version-history":[{"count":17,"href":"https:\/\/inter-faces.eu\/index.php\/wp-json\/wp\/v2\/pages\/16912\/revisions"}],"predecessor-version":[{"id":18065,"href":"https:\/\/inter-faces.eu\/index.php\/wp-json\/wp\/v2\/pages\/16912\/revisions\/18065"}],"wp:attachment":[{"href":"https:\/\/inter-faces.eu\/index.php\/wp-json\/wp\/v2\/media?parent=16912"}],"curies":[{"name":"wp","href":"https:\/\/api.w.org\/{rel}","templated":true}]}}