{"id":14849,"date":"2024-05-06T19:36:09","date_gmt":"2024-05-06T17:36:09","guid":{"rendered":"https:\/\/romainleny-dev.com\/?page_id=14849"},"modified":"2024-08-19T11:25:16","modified_gmt":"2024-08-19T09:25:16","slug":"politique-de-confidentialite","status":"publish","type":"page","link":"https:\/\/inter-faces.eu\/index.php\/politique-de-confidentialite\/","title":{"rendered":"Politique de confidentialit\u00e9"},"content":{"rendered":"\t\t<div data-elementor-type=\"wp-page\" data-elementor-id=\"14849\" class=\"elementor elementor-14849\" data-elementor-post-type=\"page\">\n\t\t\t\t<div class=\"elementor-element elementor-element-649c2197 e-con-full e-flex e-con e-parent\" data-id=\"649c2197\" data-element_type=\"container\" data-core-v316-plus=\"true\">\n\t\t\t\t<div class=\"elementor-element elementor-element-3c1accde elementor-widget elementor-widget-hiroshi_core_section_title\" data-id=\"3c1accde\" data-element_type=\"widget\" data-widget_type=\"hiroshi_core_section_title.default\">\n\t\t\t\t<div class=\"elementor-widget-container\">\n\t\t\t<div class=\"qodef-shortcode qodef-m  qodef-section-title qodef-alignment--left \">\n\t\t<h1 class=\"qodef-m-title\" >\n\t\t\t\t\tPolitique de confidentialit\u00e9\t\t\t<\/h1>\n\t<\/div>\n\t\t<\/div>\n\t\t\t\t<\/div>\n\t\t\t\t<\/div>\n\t\t<div class=\"elementor-element elementor-element-591573e e-con-full e-flex e-con e-parent\" data-id=\"591573e\" data-element_type=\"container\" data-core-v316-plus=\"true\">\n\t\t\t\t<div class=\"elementor-element elementor-element-4396cfb elementor-widget elementor-widget-text-editor\" data-id=\"4396cfb\" data-element_type=\"widget\" data-widget_type=\"text-editor.default\">\n\t\t\t\t<div class=\"elementor-widget-container\">\n\t\t\t<style>\/*! elementor - v3.20.0 - 20-03-2024 *\/\n.elementor-widget-text-editor.elementor-drop-cap-view-stacked .elementor-drop-cap{background-color:#69727d;color:#fff}.elementor-widget-text-editor.elementor-drop-cap-view-framed .elementor-drop-cap{color:#69727d;border:3px solid;background-color:transparent}.elementor-widget-text-editor:not(.elementor-drop-cap-view-default) .elementor-drop-cap{margin-top:8px}.elementor-widget-text-editor:not(.elementor-drop-cap-view-default) .elementor-drop-cap-letter{width:1em;height:1em}.elementor-widget-text-editor .elementor-drop-cap{float:left;text-align:center;line-height:1;font-size:50px}.elementor-widget-text-editor .elementor-drop-cap-letter{display:inline-block}<\/style>\t\t\t\t<h5><strong>Collecte des donn\u00e9es personnelles :<\/strong><\/h5>\n<div>\n<p>Les seules donn\u00e9es personnelles collect\u00e9es sur Inter-Faces sont celles que les utilisateurs fournissent volontairement lorsqu&rsquo;ils s&rsquo;inscrivent \u00e0 la newsletter ou lorsqu&rsquo;ils envoient leur liste d&rsquo;envies via le formulaire disponible sur le site. Les informations collect\u00e9es incluent l&rsquo;adresse email et le nom de l&rsquo;utilisateur.<\/p>\n<\/div>\n<h5><strong>Utilisation des donn\u00e9es :<\/strong><\/h5>\n<div>\n<p>Les informations collect\u00e9es sont uniquement utilis\u00e9es pour l&rsquo;envoi de newsletters et de communications promotionnelles. Inter-Faces s&rsquo;engage \u00e0 ne pas vendre, louer, pr\u00eater ou \u00e9changer ces informations avec des tiers sans le consentement explicite de l&rsquo;utilisateur.<\/p>\n<\/div>\n<h5><strong>Consentement :<\/strong><\/h5>\n<div>\n<p>En cochant la case&nbsp;<span style=\"text-align: var(--text-align);\">\u201cJ&rsquo;accepte de recevoir vos&nbsp;<\/span><span style=\"color: var( --e-global-color-text ); font-family: var( --e-global-typography-text-font-family ), Sans-serif; font-weight: var( --e-global-typography-text-font-weight ); text-align: var(--text-align);\">e-mails et consens au traitement de mes donn\u00e9es personnelles d\u00e9finis dans la politique de&nbsp;<\/span><span style=\"color: var( --e-global-color-text ); font-family: var( --e-global-typography-text-font-family ), Sans-serif; font-weight: var( --e-global-typography-text-font-weight ); text-align: var(--text-align);\">confidentialit\u00e9\u201d<\/span><span style=\"color: var( --e-global-color-text ); font-family: var( --e-global-typography-text-font-family ), Sans-serif; font-weight: var( --e-global-typography-text-font-weight ); text-align: var(--text-align);\">, l&rsquo;utilisateur donne son consentement explicite \u00e0 recevoir des communications de notre part conform\u00e9ment aux termes d\u00e9crits ici.<\/span><\/p>\n<\/div>\n<h5><strong>Dur\u00e9e de conservation :<\/strong><\/h5>\n<div>\n<p>La dur\u00e9e de conservation des donn\u00e9es est de 12 mois pour les donn\u00e9es re\u00e7ues \u00e0 partir du formulaire de liste d&rsquo;envies et jusqu\u2019\u00e0 r\u00e9siliation de la newsletter pour les donn\u00e9es li\u00e9es au formulaire de la newsletter.<\/p>\n<h5><strong>Notification d\u2019incidents :<\/strong><\/h5>\n<div>\n<p><span style=\"font-weight: 400;\">Quels que soient les efforts fournis, aucune m\u00e9thode de transmission sur internet et aucune m\u00e9thode de stockage \u00e9lectronique n\u2019est compl\u00e8tement s\u00fbre. Nous ne pouvons, en cons\u00e9quence, pas garantir une s\u00e9curit\u00e9 absolue. Si nous prenons connaissance d\u2019une br\u00e8che de la s\u00e9curit\u00e9, nous avertirons les utilisateurs concern\u00e9s afin qu\u2019ils puissent prendre les mesures appropri\u00e9es. Nos proc\u00e9dures de notification d\u2019incident tiennent compte de nos obligations l\u00e9gales, qu\u2019elles se situent au niveau national ou europ\u00e9en. Nous nous engageons \u00e0 informer pleinement nos clients de toutes les questions relevant de la s\u00e9curit\u00e9 de leurs donn\u00e9es personnelles et \u00e0 leur fournir toutes les informations n\u00e9cessaires en application du RGPD.&nbsp;<\/span><\/p>\n<p>Lors du traitement des Donn\u00e9es Personnelles, Inter-Faces prend toutes les mesures raisonnables visant \u00e0 les prot\u00e9ger contre toute perte, utilisation d\u00e9tourn\u00e9e, acc\u00e8s non autoris\u00e9, divulgation, alt\u00e9ration ou destruction.<\/p>\n<\/div>\n<h5><b>Liens hypertextes \u00ab\u00a0cookies\u00a0\u00bb et balises (tags) internet :<\/b><\/h5>\n<p><span style=\"font-weight: 400;\">Le site https:\/\/inter-faces.eu\/ contient un certain nombre de liens hypertextes vers d\u2019autres<\/span> <span style=\"font-weight: 400;\">sites, mis en place avec l\u2019autorisation de Inter-Faces. Cependant, Inter-Faces n\u2019a pas la<\/span> <span style=\"font-weight: 400;\">possibilit\u00e9 de v\u00e9rifier le contenu des sites ainsi visit\u00e9s, et n\u2019assumera en cons\u00e9quence<\/span> <span style=\"font-weight: 400;\">aucune responsabilit\u00e9 de ce fait.<\/span><span style=\"font-weight: 400;\">&nbsp;<\/span><\/p>\n<p><span style=\"font-weight: 400;\">Sauf si vous d\u00e9cidez de d\u2019activer les cookies, vous acceptez que le site puisse les utiliser. Vous<\/span> <span style=\"font-weight: 400;\">pouvez \u00e0 tout moment d\u00e9sactiver ces cookies et ce gratuitement \u00e0 partir des possibilit\u00e9s de<\/span> <span style=\"font-weight: 400;\">d\u00e9sactivation qui vous sont offertes et rappel\u00e9es ci-apr\u00e8s, sachant que cela peut r\u00e9duire ou<\/span> <span style=\"font-weight: 400;\">emp\u00eacher l\u2019accessibilit\u00e9 \u00e0 tout ou partie des Services propos\u00e9s par le site.<\/span><span style=\"font-weight: 400;\">&nbsp;<\/span><\/p>\n<p><span style=\"color: var( --e-global-color-text ); font-family: var( --e-global-typography-text-font-family ), Sans-serif; text-align: var(--text-align);\">Un \u00ab cookie \u00bb est un petit fichier d\u2019information envoy\u00e9 sur le navigateur de l&rsquo;utilisateur et<\/span><span style=\"color: var( --e-global-color-text ); font-family: var( --e-global-typography-text-font-family ), Sans-serif; font-weight: var( --e-global-typography-text-font-weight ); text-align: var(--text-align);\"> <\/span><span style=\"color: var( --e-global-color-text ); font-family: var( --e-global-typography-text-font-family ), Sans-serif; text-align: var(--text-align);\">enregistr\u00e9 au sein du terminal de l&rsquo;utilisateur (ex : ordinateur, smartphone), (ci-apr\u00e8s \u00ab<\/span><span style=\"color: var( --e-global-color-text ); font-family: var( --e-global-typography-text-font-family ), Sans-serif; font-weight: var( --e-global-typography-text-font-weight ); text-align: var(--text-align);\"> <\/span><span style=\"color: var( --e-global-color-text ); font-family: var( --e-global-typography-text-font-family ), Sans-serif; text-align: var(--text-align);\">Cookies \u00bb). Ce fichier comprend des informations telles que le nom de domaine de<\/span><span style=\"color: var( --e-global-color-text ); font-family: var( --e-global-typography-text-font-family ), Sans-serif; font-weight: var( --e-global-typography-text-font-weight ); text-align: var(--text-align);\"> <\/span><span style=\"color: var( --e-global-color-text ); font-family: var( --e-global-typography-text-font-family ), Sans-serif; text-align: var(--text-align);\">l&rsquo;utilisateur, le fournisseur d\u2019acc\u00e8s Internet de l&rsquo;utilisateur, le syst\u00e8me d\u2019exploitation de<\/span><span style=\"color: var( --e-global-color-text ); font-family: var( --e-global-typography-text-font-family ), Sans-serif; font-weight: var( --e-global-typography-text-font-weight ); text-align: var(--text-align);\"> <\/span><span style=\"color: var( --e-global-color-text ); font-family: var( --e-global-typography-text-font-family ), Sans-serif; text-align: var(--text-align);\">l&rsquo;utilisateur, ainsi que la date et l\u2019heure d\u2019acc\u00e8s. Les Cookies ne risquent en aucun cas<\/span><span style=\"color: var( --e-global-color-text ); font-family: var( --e-global-typography-text-font-family ), Sans-serif; font-weight: var( --e-global-typography-text-font-weight ); text-align: var(--text-align);\"> <\/span><span style=\"color: var( --e-global-color-text ); font-family: var( --e-global-typography-text-font-family ), Sans-serif; text-align: var(--text-align);\">d\u2019endommager le terminal de l&rsquo;utilisateur.<\/span><span style=\"color: var( --e-global-color-text ); font-family: var( --e-global-typography-text-font-family ), Sans-serif; text-align: var(--text-align);\">&nbsp;<\/span><br><\/p>\n<p><span style=\"font-weight: 400;\">Inter-Faces est susceptible de traiter les informations de l&rsquo;utilisateur concernant sa visite du<\/span> <span style=\"font-weight: 400;\">site, telles que les pages consult\u00e9es, les recherches effectu\u00e9es. Ces informations permettent<\/span> <span style=\"font-weight: 400;\">\u00e0 Inter-Faces d\u2019am\u00e9liorer le contenu du site, de la navigation de l&rsquo;utilisateur.<\/span><span style=\"font-weight: 400;\">&nbsp;<\/span><\/p>\n<p><span style=\"font-weight: 400;\">Les Cookies facilitant la navigation et\/ou la fourniture des services propos\u00e9s par le site,<\/span> <span style=\"font-weight: 400;\">l\u2019utilisateur peut configurer son navigateur pour qu\u2019il lui permette de d\u00e9cider s\u2019il souhaite<\/span> <span style=\"font-weight: 400;\">ou non les accepter de mani\u00e8re \u00e0 ce que des Cookies soient enregistr\u00e9s dans le terminal ou,<\/span> <span style=\"font-weight: 400;\">au contraire, qu\u2019ils soient rejet\u00e9s, soit syst\u00e9matiquement, soit selon leur \u00e9metteur.<\/span> <span style=\"font-weight: 400;\">L&rsquo;utilisateur peut \u00e9galement configurer son logiciel de navigation de mani\u00e8re \u00e0 ce que<\/span> <span style=\"font-weight: 400;\">l\u2019acceptation ou le refus des Cookies lui soient propos\u00e9s ponctuellement, avant qu\u2019un Cookie<\/span> <span style=\"font-weight: 400;\">soit susceptible d\u2019\u00eatre enregistr\u00e9 dans son terminal. Inter-Faces informe l\u2019utilisateur que,<\/span> <span style=\"font-weight: 400;\">dans ce cas, il se peut que les fonctionnalit\u00e9s de son logiciel de navigation ne soient pas<\/span><span style=\"font-weight: 400;\">&nbsp;<\/span><\/p>\n<p><\/p>\n<p><span style=\"font-weight: 400;\">Si l\u2019utilisateur refuse l\u2019enregistrement de Cookies dans son terminal ou son navigateur, ou si<\/span> <span style=\"font-weight: 400;\">l\u2019utilisateur supprime ceux qui y sont enregistr\u00e9s, l\u2019utilisateur est inform\u00e9 que sa navigation<\/span> <span style=\"font-weight: 400;\">et son exp\u00e9rience sur le site peuvent \u00eatre limit\u00e9es. Cela pourrait \u00e9galement \u00eatre le cas<\/span> <span style=\"font-weight: 400;\">lorsque Inter-Faces ou l\u2019un de ses prestataires ne peut pas reconna\u00eetre, \u00e0 des fins de<\/span> <span style=\"font-weight: 400;\">compatibilit\u00e9 technique, le type de navigateur utilis\u00e9 par le terminal, les param\u00e8tres de<\/span> <span style=\"font-weight: 400;\">langue et d\u2019affichage ou le pays depuis lequel le terminal semble connect\u00e9 \u00e0 Internet.<\/span><span style=\"font-weight: 400;\">&nbsp;<\/span><\/p>\n<p><span style=\"font-weight: 400;\">Le cas \u00e9ch\u00e9ant, Inter-Faces d\u00e9cline toute responsabilit\u00e9 pour les cons\u00e9quences li\u00e9es au<\/span> <span style=\"font-weight: 400;\">fonctionnement d\u00e9grad\u00e9 du site et des services \u00e9ventuellement propos\u00e9s par Inter-Faces,<\/span> <span style=\"font-weight: 400;\">r\u00e9sultant du refus de Cookies par l\u2019utilisateur, de l\u2019impossibilit\u00e9 pour Inter-Faces<\/span> <span style=\"font-weight: 400;\">d\u2019enregistrer ou de consulter les Cookies n\u00e9cessaires \u00e0 leur fonctionnement du fait du choix<\/span> <span style=\"font-weight: 400;\">de l\u2019utilisateur. Pour la gestion des Cookies et des choix de l\u2019utilisateur, la configuration de<\/span> <span style=\"font-weight: 400;\">chaque navigateur est diff\u00e9rente. Elle est d\u00e9crite dans le menu d\u2019aide du navigateur, qui<\/span> <span style=\"font-weight: 400;\">permettra de savoir de quelle mani\u00e8re l\u2019utilisateur peut modifier ses souhaits en mati\u00e8re de<\/span> <span style=\"font-weight: 400;\">Cookies.<\/span><span style=\"font-weight: 400;\">&nbsp;<\/span><\/p>\n<p><span style=\"font-weight: 400;\">\u00c0 tout moment, l\u2019utilisateur peut faire le choix d\u2019exprimer et de modifier ses souhaits en<\/span> <span style=\"font-weight: 400;\">mati\u00e8re de Cookies. https:\/\/inter-faces.eu\/ pourra en outre faire appel aux services de<\/span> <span style=\"font-weight: 400;\">prestataires externes pour l\u2019aider \u00e0 recueillir et traiter les informations d\u00e9crites dans cette<\/span> <span style=\"font-weight: 400;\">section.<\/span><span style=\"font-weight: 400;\">&nbsp;<\/span><\/p>\n<p><span style=\"font-weight: 400;\">Enfin, en cliquant sur les ic\u00f4nes d\u00e9di\u00e9es aux r\u00e9seaux sociaux Twitter, Facebook, Linkedin et<\/span> <span style=\"font-weight: 400;\">Google Plus, YouTube, Houzz figurant sur le site de Inter-Faces ou dans son application<\/span> <span style=\"font-weight: 400;\">mobile et si l\u2019utilisateur a accept\u00e9 le d\u00e9p\u00f4t de cookies en poursuivant sa navigation sur le<\/span> <span style=\"font-weight: 400;\">site Internet ou l\u2019application mobile de https:\/\/inter-faces.eu\/, Twitter, Facebook, Linkedin<\/span> <span style=\"font-weight: 400;\">et Google Plus, YouTube, Houzz peuvent \u00e9galement d\u00e9poser des cookies sur vos terminaux<\/span> <span style=\"font-weight: 400;\">(ordinateur, tablette, t\u00e9l\u00e9phone portable).<\/span><span style=\"font-weight: 400;\">&nbsp;<\/span><\/p>\n<p><span style=\"font-weight: 400;\">Ces types de cookies ne sont d\u00e9pos\u00e9s sur vos terminaux qu\u2019\u00e0 condition que vous y<\/span> <span style=\"font-weight: 400;\">consentiez, en continuant votre navigation sur le site Internet ou l\u2019application mobile de<\/span> <span style=\"font-weight: 400;\">https:\/\/inter-faces.eu\/. \u00c0 tout moment, l\u2019utilisateur peut n\u00e9anmoins revenir sur son<\/span> <span style=\"font-weight: 400;\">consentement \u00e0 ce que https:\/\/inter-faces.eu\/ d\u00e9pose ce type de cookies.<\/span><span style=\"font-weight: 400;\">&nbsp;<\/span><\/p>\n<p><span style=\"font-weight: 400;\">Inter-Faces peut employer occasionnellement des balises Internet (\u00e9galement appel\u00e9es<\/span> <span style=\"font-weight: 400;\">\u00abtags\u00bb, ou balises d\u2019action, GIF \u00e0 un pixel, GIF transparents, GIF invisibles et GIF un \u00e0 un) et<\/span> <span style=\"font-weight: 400;\">les d\u00e9ployer par l\u2019interm\u00e9diaire d\u2019un partenaire sp\u00e9cialiste d\u2019analyses Web susceptible de se<\/span> <span style=\"font-weight: 400;\">trouver (et donc de stocker les informations correspondantes, y compris l\u2019adresse IP de<\/span> <span style=\"font-weight: 400;\">l\u2019Utilisateur) dans un pays \u00e9tranger.<\/span><span style=\"font-weight: 400;\">&nbsp;<\/span><\/p>\n<p><span style=\"font-weight: 400;\">Ces balises sont plac\u00e9es \u00e0 la fois dans les publicit\u00e9s en ligne permettant aux internautes<\/span> <span style=\"font-weight: 400;\">d\u2019acc\u00e9der au site, et sur les diff\u00e9rentes pages de celui-ci.<\/span><span style=\"font-weight: 400;\">&nbsp;<\/span><\/p>\n<p><span style=\"font-weight: 400;\">Cette technologie permet \u00e0 Inter-Faces d\u2019\u00e9valuer les r\u00e9ponses des visiteurs face au site et<\/span> <span style=\"font-weight: 400;\">l\u2019efficacit\u00e9 de ses actions (par exemple, le nombre de fois o\u00f9 une page est ouverte et les<\/span> <span style=\"font-weight: 400;\">informations consult\u00e9es), ainsi que l\u2019utilisation de ce site par l\u2019utilisateur.<\/span><span style=\"font-weight: 400;\">&nbsp;<\/span><\/p>\n<p><span style=\"font-weight: 400;\">Le prestataire externe pourra \u00e9ventuellement recueillir des informations sur les visiteurs du<\/span> <span style=\"font-weight: 400;\">site et d\u2019autres sites Internet gr\u00e2ce \u00e0 ces balises, constituer des rapports sur l\u2019activit\u00e9 du site<\/span> <span style=\"font-weight: 400;\">\u00e0 l\u2019attention de Inter-Faces, et fournir d\u2019autres services relatifs \u00e0 l\u2019utilisation de celui-ci et<\/span> <span style=\"font-weight: 400;\">d\u2019Internet.<\/span><\/p>\n<\/div>\n<h5><strong>Droits des utilisateurs :<\/strong><\/h5>\n<p>Conform\u00e9ment \u00e0 la loi fran\u00e7aise et au RGPD (articles 12 \u00e0 23), les utilisateurs disposent de l\u2019ensemble de leurs droits concernant leurs donn\u00e9es personnelles. Ces droits peuvent \u00eatre exerc\u00e9s \u00e0 tout moment en envoyant un e-mail \u00e0 l\u2019adresse de contact&nbsp;contact@inter-faces.eu.<\/p>\t\t\t\t\t\t<\/div>\n\t\t\t\t<\/div>\n\t\t\t\t<\/div>\n\t\t\t\t<\/div>\n\t\t","protected":false},"excerpt":{"rendered":"<p>Politique de confidentialit\u00e9 Collecte des donn\u00e9es personnelles : Les seules donn\u00e9es personnelles collect\u00e9es sur Inter-Faces sont celles que les utilisateurs fournissent volontairement lorsqu&rsquo;ils s&rsquo;inscrivent \u00e0 la newsletter ou lorsqu&rsquo;ils envoient leur liste d&rsquo;envies via le formulaire disponible sur le site. Les informations collect\u00e9es incluent l&rsquo;adresse email et le nom de l&rsquo;utilisateur. Utilisation des donn\u00e9es : [&hellip;]<\/p>\n","protected":false},"author":1,"featured_media":0,"parent":0,"menu_order":0,"comment_status":"closed","ping_status":"closed","template":"","meta":{"footnotes":""},"yoast_head":"<!-- This site is optimized with the Yoast SEO plugin v22.6 - https:\/\/yoast.com\/wordpress\/plugins\/seo\/ -->\n<title>Politique de confidentialit\u00e9 - Inter-Faces<\/title>\n<meta name=\"robots\" content=\"index, follow, max-snippet:-1, max-image-preview:large, max-video-preview:-1\" \/>\n<link rel=\"canonical\" href=\"https:\/\/inter-faces.eu\/index.php\/politique-de-confidentialite\/\" \/>\n<meta property=\"og:locale\" content=\"fr_FR\" \/>\n<meta property=\"og:type\" content=\"article\" \/>\n<meta property=\"og:title\" content=\"Politique de confidentialit\u00e9 - Inter-Faces\" \/>\n<meta property=\"og:description\" content=\"Politique de confidentialit\u00e9 Collecte des donn\u00e9es personnelles : Les seules donn\u00e9es personnelles collect\u00e9es sur Inter-Faces sont celles que les utilisateurs fournissent volontairement lorsqu&rsquo;ils s&rsquo;inscrivent \u00e0 la newsletter ou lorsqu&rsquo;ils envoient leur liste d&rsquo;envies via le formulaire disponible sur le site. Les informations collect\u00e9es incluent l&rsquo;adresse email et le nom de l&rsquo;utilisateur. Utilisation des donn\u00e9es : [&hellip;]\" \/>\n<meta property=\"og:url\" content=\"https:\/\/inter-faces.eu\/index.php\/politique-de-confidentialite\/\" \/>\n<meta property=\"og:site_name\" content=\"Inter-Faces\" \/>\n<meta property=\"article:publisher\" content=\"https:\/\/www.facebook.com\/interfacestoulon\" \/>\n<meta property=\"article:modified_time\" content=\"2024-08-19T09:25:16+00:00\" \/>\n<meta name=\"twitter:card\" content=\"summary_large_image\" \/>\n<meta name=\"twitter:label1\" content=\"Dur\u00e9e de lecture estim\u00e9e\" \/>\n\t<meta name=\"twitter:data1\" content=\"6 minutes\" \/>\n<script type=\"application\/ld+json\" class=\"yoast-schema-graph\">{\"@context\":\"https:\/\/schema.org\",\"@graph\":[{\"@type\":\"WebPage\",\"@id\":\"https:\/\/inter-faces.eu\/index.php\/politique-de-confidentialite\/\",\"url\":\"https:\/\/inter-faces.eu\/index.php\/politique-de-confidentialite\/\",\"name\":\"Politique de confidentialit\u00e9 - Inter-Faces\",\"isPartOf\":{\"@id\":\"https:\/\/inter-faces.eu\/#website\"},\"datePublished\":\"2024-05-06T17:36:09+00:00\",\"dateModified\":\"2024-08-19T09:25:16+00:00\",\"breadcrumb\":{\"@id\":\"https:\/\/inter-faces.eu\/index.php\/politique-de-confidentialite\/#breadcrumb\"},\"inLanguage\":\"fr-FR\",\"potentialAction\":[{\"@type\":\"ReadAction\",\"target\":[\"https:\/\/inter-faces.eu\/index.php\/politique-de-confidentialite\/\"]}]},{\"@type\":\"BreadcrumbList\",\"@id\":\"https:\/\/inter-faces.eu\/index.php\/politique-de-confidentialite\/#breadcrumb\",\"itemListElement\":[{\"@type\":\"ListItem\",\"position\":1,\"name\":\"Accueil\",\"item\":\"https:\/\/inter-faces.eu\/\"},{\"@type\":\"ListItem\",\"position\":2,\"name\":\"Politique de confidentialit\u00e9\"}]},{\"@type\":\"WebSite\",\"@id\":\"https:\/\/inter-faces.eu\/#website\",\"url\":\"https:\/\/inter-faces.eu\/\",\"name\":\"Inter-Faces\",\"description\":\"\",\"publisher\":{\"@id\":\"https:\/\/inter-faces.eu\/#organization\"},\"potentialAction\":[{\"@type\":\"SearchAction\",\"target\":{\"@type\":\"EntryPoint\",\"urlTemplate\":\"https:\/\/inter-faces.eu\/?s={search_term_string}\"},\"query-input\":\"required name=search_term_string\"}],\"inLanguage\":\"fr-FR\"},{\"@type\":\"Organization\",\"@id\":\"https:\/\/inter-faces.eu\/#organization\",\"name\":\"Inter-Faces\",\"url\":\"https:\/\/inter-faces.eu\/\",\"logo\":{\"@type\":\"ImageObject\",\"inLanguage\":\"fr-FR\",\"@id\":\"https:\/\/inter-faces.eu\/#\/schema\/logo\/image\/\",\"url\":\"https:\/\/inter-faces.eu\/wp-content\/uploads\/2024\/02\/logo.png\",\"contentUrl\":\"https:\/\/inter-faces.eu\/wp-content\/uploads\/2024\/02\/logo.png\",\"width\":400,\"height\":155,\"caption\":\"Inter-Faces\"},\"image\":{\"@id\":\"https:\/\/inter-faces.eu\/#\/schema\/logo\/image\/\"},\"sameAs\":[\"https:\/\/www.facebook.com\/interfacestoulon\",\"https:\/\/www.instagram.com\/inter_faces_mobilier\",\"https:\/\/www.youtube.com\/user\/interfacesmc\"]}]}<\/script>\n<!-- \/ Yoast SEO plugin. -->","yoast_head_json":{"title":"Politique de confidentialit\u00e9 - Inter-Faces","robots":{"index":"index","follow":"follow","max-snippet":"max-snippet:-1","max-image-preview":"max-image-preview:large","max-video-preview":"max-video-preview:-1"},"canonical":"https:\/\/inter-faces.eu\/index.php\/politique-de-confidentialite\/","og_locale":"fr_FR","og_type":"article","og_title":"Politique de confidentialit\u00e9 - Inter-Faces","og_description":"Politique de confidentialit\u00e9 Collecte des donn\u00e9es personnelles : Les seules donn\u00e9es personnelles collect\u00e9es sur Inter-Faces sont celles que les utilisateurs fournissent volontairement lorsqu&rsquo;ils s&rsquo;inscrivent \u00e0 la newsletter ou lorsqu&rsquo;ils envoient leur liste d&rsquo;envies via le formulaire disponible sur le site. Les informations collect\u00e9es incluent l&rsquo;adresse email et le nom de l&rsquo;utilisateur. Utilisation des donn\u00e9es : [&hellip;]","og_url":"https:\/\/inter-faces.eu\/index.php\/politique-de-confidentialite\/","og_site_name":"Inter-Faces","article_publisher":"https:\/\/www.facebook.com\/interfacestoulon","article_modified_time":"2024-08-19T09:25:16+00:00","twitter_card":"summary_large_image","twitter_misc":{"Dur\u00e9e de lecture estim\u00e9e":"6 minutes"},"schema":{"@context":"https:\/\/schema.org","@graph":[{"@type":"WebPage","@id":"https:\/\/inter-faces.eu\/index.php\/politique-de-confidentialite\/","url":"https:\/\/inter-faces.eu\/index.php\/politique-de-confidentialite\/","name":"Politique de confidentialit\u00e9 - Inter-Faces","isPartOf":{"@id":"https:\/\/inter-faces.eu\/#website"},"datePublished":"2024-05-06T17:36:09+00:00","dateModified":"2024-08-19T09:25:16+00:00","breadcrumb":{"@id":"https:\/\/inter-faces.eu\/index.php\/politique-de-confidentialite\/#breadcrumb"},"inLanguage":"fr-FR","potentialAction":[{"@type":"ReadAction","target":["https:\/\/inter-faces.eu\/index.php\/politique-de-confidentialite\/"]}]},{"@type":"BreadcrumbList","@id":"https:\/\/inter-faces.eu\/index.php\/politique-de-confidentialite\/#breadcrumb","itemListElement":[{"@type":"ListItem","position":1,"name":"Accueil","item":"https:\/\/inter-faces.eu\/"},{"@type":"ListItem","position":2,"name":"Politique de confidentialit\u00e9"}]},{"@type":"WebSite","@id":"https:\/\/inter-faces.eu\/#website","url":"https:\/\/inter-faces.eu\/","name":"Inter-Faces","description":"","publisher":{"@id":"https:\/\/inter-faces.eu\/#organization"},"potentialAction":[{"@type":"SearchAction","target":{"@type":"EntryPoint","urlTemplate":"https:\/\/inter-faces.eu\/?s={search_term_string}"},"query-input":"required name=search_term_string"}],"inLanguage":"fr-FR"},{"@type":"Organization","@id":"https:\/\/inter-faces.eu\/#organization","name":"Inter-Faces","url":"https:\/\/inter-faces.eu\/","logo":{"@type":"ImageObject","inLanguage":"fr-FR","@id":"https:\/\/inter-faces.eu\/#\/schema\/logo\/image\/","url":"https:\/\/inter-faces.eu\/wp-content\/uploads\/2024\/02\/logo.png","contentUrl":"https:\/\/inter-faces.eu\/wp-content\/uploads\/2024\/02\/logo.png","width":400,"height":155,"caption":"Inter-Faces"},"image":{"@id":"https:\/\/inter-faces.eu\/#\/schema\/logo\/image\/"},"sameAs":["https:\/\/www.facebook.com\/interfacestoulon","https:\/\/www.instagram.com\/inter_faces_mobilier","https:\/\/www.youtube.com\/user\/interfacesmc"]}]}},"_links":{"self":[{"href":"https:\/\/inter-faces.eu\/index.php\/wp-json\/wp\/v2\/pages\/14849"}],"collection":[{"href":"https:\/\/inter-faces.eu\/index.php\/wp-json\/wp\/v2\/pages"}],"about":[{"href":"https:\/\/inter-faces.eu\/index.php\/wp-json\/wp\/v2\/types\/page"}],"author":[{"embeddable":true,"href":"https:\/\/inter-faces.eu\/index.php\/wp-json\/wp\/v2\/users\/1"}],"replies":[{"embeddable":true,"href":"https:\/\/inter-faces.eu\/index.php\/wp-json\/wp\/v2\/comments?post=14849"}],"version-history":[{"count":13,"href":"https:\/\/inter-faces.eu\/index.php\/wp-json\/wp\/v2\/pages\/14849\/revisions"}],"predecessor-version":[{"id":16648,"href":"https:\/\/inter-faces.eu\/index.php\/wp-json\/wp\/v2\/pages\/14849\/revisions\/16648"}],"wp:attachment":[{"href":"https:\/\/inter-faces.eu\/index.php\/wp-json\/wp\/v2\/media?parent=14849"}],"curies":[{"name":"wp","href":"https:\/\/api.w.org\/{rel}","templated":true}]}}