{"id":13775,"date":"2024-02-26T16:32:18","date_gmt":"2024-02-26T15:32:18","guid":{"rendered":"https:\/\/romainleny-dev.com\/?page_id=13775"},"modified":"2024-09-25T16:55:51","modified_gmt":"2024-09-25T14:55:51","slug":"ligne-roset-paulin","status":"publish","type":"page","link":"https:\/\/inter-faces.eu\/index.php\/ligne-roset-paulin\/","title":{"rendered":"Ligne Roset &#8211; Paulin"},"content":{"rendered":"\t\t<div data-elementor-type=\"wp-page\" data-elementor-id=\"13775\" class=\"elementor elementor-13775\" data-elementor-post-type=\"page\">\n\t\t\t\t<div class=\"elementor-element elementor-element-649c2197 e-con-full e-flex e-con e-parent\" data-id=\"649c2197\" data-element_type=\"container\" data-core-v316-plus=\"true\">\n\t\t\t\t<div class=\"elementor-element elementor-element-70c72b8 elementor-widget elementor-widget-hiroshi_core_section_title\" data-id=\"70c72b8\" data-element_type=\"widget\" data-widget_type=\"hiroshi_core_section_title.default\">\n\t\t\t\t<div class=\"elementor-widget-container\">\n\t\t\t<div class=\"qodef-shortcode qodef-m  qodef-section-title qodef-alignment--left \">\n\t\t<h4 class=\"qodef-m-title\" >\n\t\t\t\t\t<a itemprop=\"url\" href=\"\/index.php\/ligne-roset\/\" target=\"_self\">\n\t\t\t\t\tLigne Roset\t\t\t\t\t<\/a>\n\t\t\t<\/h4>\n\t<\/div>\n\t\t<\/div>\n\t\t\t\t<\/div>\n\t\t\t\t<div class=\"elementor-element elementor-element-3c1accde elementor-widget elementor-widget-hiroshi_core_section_title\" data-id=\"3c1accde\" data-element_type=\"widget\" data-widget_type=\"hiroshi_core_section_title.default\">\n\t\t\t\t<div class=\"elementor-widget-container\">\n\t\t\t<div class=\"qodef-shortcode qodef-m  qodef-section-title qodef-alignment--left \">\n\t\t<h1 class=\"qodef-m-title\" >\n\t\t\t\t\tPierre Paulin\t\t\t<\/h1>\n\t\t<p class=\"qodef-m-text\" >N\u00e9 en 1927 \u00e0 Paris, d\u00e9bute dans les ann\u00e9es 50, remarqu\u00e9 par ses cr\u00e9ations et installations (TV, Thonet, Bertrand Faure, Disderot et Artifort), il fait entrer la modernit\u00e9 \u00e0 l\u2019Elys\u00e9e en 1972 pour le Pr\u00e9sident Pompidou, il cr\u00e9e tous les meubles du bureau officiel de F. Mitterrand, il r\u00e9nove la salle \u00e0 manger pour J. Chirac. En parall\u00e8le, il cr\u00e9e ADSA avec deux associ\u00e9s, et travaille \u00e0 des projets industriels (Calor, Allibert, Stamp), des images d\u2019entreprise (Air France) et am\u00e9nage des gares (Gare de Lyon, Gare de Versailles Rive Gauche).\nSes meubles sont pr\u00e9sents dans de nombreux mus\u00e9es dans le monde, et en 2007\/2008 plusieurs expositions lui sont consacr\u00e9es. Le MOMA \u00e0 New-York a agrandi sa collection de meubles Paulin.<\/p>\n<\/div>\n\t\t<\/div>\n\t\t\t\t<\/div>\n\t\t\t\t<div class=\"elementor-element elementor-element-7d462e1 elementor-widget elementor-widget-hiroshi_core_single_image\" data-id=\"7d462e1\" data-element_type=\"widget\" data-widget_type=\"hiroshi_core_single_image.default\">\n\t\t\t\t<div class=\"elementor-widget-container\">\n\t\t\t<div class=\"qodef-shortcode qodef-m  qodef-single-image qodef-layout--default   \">\n\t\t\t<div class=\"qodef-m-image\">\n\t\t\t\t\t\t\t\t<img fetchpriority=\"high\" decoding=\"async\" width=\"600\" height=\"258\" src=\"https:\/\/inter-faces.eu\/wp-content\/uploads\/2024\/02\/pierre-paulin.jpg\" class=\"attachment-full size-full\" alt=\"\" srcset=\"https:\/\/inter-faces.eu\/wp-content\/uploads\/2024\/02\/pierre-paulin.jpg 600w, https:\/\/inter-faces.eu\/wp-content\/uploads\/2024\/02\/pierre-paulin-300x129.jpg 300w\" sizes=\"(max-width: 600px) 100vw, 600px\" \/>\t\t\t\t\t\t\t<\/div>\n\t<\/div>\n\t\t<\/div>\n\t\t\t\t<\/div>\n\t\t\t\t<\/div>\n\t\t<div class=\"elementor-element elementor-element-1906254 e-con-full e-flex e-con e-parent\" data-id=\"1906254\" data-element_type=\"container\" data-core-v316-plus=\"true\">\n\t\t\t\t<div class=\"elementor-element elementor-element-51a82e2 elementor-widget elementor-widget-shortcode\" data-id=\"51a82e2\" data-element_type=\"widget\" data-widget_type=\"shortcode.default\">\n\t\t\t\t<div class=\"elementor-widget-container\">\n\t\t\t\t\t<div class=\"elementor-shortcode\"><section class=\"elementor-section elementor-top-section elementor-element elementor-section-full_width qodef-elementor-content-grid elementor-section-height-default elementor-section-height-default qodef-elementor-column-no\"><div class=\"elementor-container elementor-column-gap-default\"><div class=\"elementor-column elementor-col-100 elementor-top-column\"><div class=\"elementor-widget-wrap elementor-element-populated\"><div class=\"elementor-element elementor-widget elementor-widget-hiroshi_core_portfolio_list\"><div class=\"elementor-widget-container\"><div class=\"qodef-shortcode qodef-m qodef-portfolio-list qodef-item-layout--info-below qodef-grid qodef-layout--columns qodef-gutter--tiny qodef-col-num--3 qodef--no-bottom-space qodef-pagination--off qodef-responsive--predefined qodef-hover-animation--move-text\"><div class=\"qodef-grid-inner clear\"><article class=\"qodef-e qodef-grid-item qodef-item--full post-12506 portfolio-item type-portfolio-item\">    <div class=\"qodef-e-inner\">        <div class=\"qodef-e-image\">            <div class=\"qodef-e-media-image\">                <a href=\"https:\/\/inter-faces.eu\/index.php\/portfolio-item\/zoom-le-bureau-design-tanis\/\" target=\"_self\">                    <img decoding=\"async\" src=\"https:\/\/inter-faces.eu\/wp-content\/uploads\/2024\/02\/1-1-118.jpg\" alt=\"R\u00e9\u00e9dition du bureau Tanis de Pierre Paulin &#8211; Ligne Roset\">                <\/a>            <\/div>        <\/div>        <div class=\"qodef-e-content\" style=\"margin:24px 0 30px 0px\">            <div class=\"qodef-e-text\">                <h4 class=\"qodef-e-title entry-title\">                    <a class=\"qodef-e-title-link\" href=\"https:\/\/inter-faces.eu\/index.php\/portfolio-item\/zoom-le-bureau-design-tanis\/\" target=\"_self\">R\u00e9\u00e9dition du bureau Tanis de Pierre Paulin &#8211; Ligne Roset<\/a>                <\/h4>            <\/div>            <div class=\"qodef-e-top-holder\">                <div class=\"qodef-e-info\">                    <span class=\"qodef-category-list\">Bureau \u00e0 la maison, Ligne Roset<\/span>                    <div class=\"qodef-info-separator-end\"><\/div>                <\/div>            <\/div>        <\/div>    <\/div><\/article><article class=\"qodef-e qodef-grid-item qodef-item--full post-15196 portfolio-item type-portfolio-item\">    <div class=\"qodef-e-inner\">        <div class=\"qodef-e-image\">            <div class=\"qodef-e-media-image\">                <a href=\"https:\/\/inter-faces.eu\/index.php\/portfolio-item\/cm-145-bridge-de-ligne-roset\/\" target=\"_self\">                    <img decoding=\"async\" src=\"https:\/\/inter-faces.eu\/wp-content\/uploads\/2024\/05\/ligne-roset_cm-145-bridge_1.jpg\" alt=\"Cm 145 Bridge de Ligne Roset\">                <\/a>            <\/div>        <\/div>        <div class=\"qodef-e-content\" style=\"margin:24px 0 30px 0px\">            <div class=\"qodef-e-text\">                <h4 class=\"qodef-e-title entry-title\">                    <a class=\"qodef-e-title-link\" href=\"https:\/\/inter-faces.eu\/index.php\/portfolio-item\/cm-145-bridge-de-ligne-roset\/\" target=\"_self\">Cm 145 Bridge de Ligne Roset<\/a>                <\/h4>            <\/div>            <div class=\"qodef-e-top-holder\">                <div class=\"qodef-e-info\">                    <span class=\"qodef-category-list\">Chaises, Fauteuils confort, Ligne Roset, Salon<\/span>                    <div class=\"qodef-info-separator-end\"><\/div>                <\/div>            <\/div>        <\/div>    <\/div><\/article><article class=\"qodef-e qodef-grid-item qodef-item--full post-12045 portfolio-item type-portfolio-item\">    <div class=\"qodef-e-inner\">        <div class=\"qodef-e-image\">            <div class=\"qodef-e-media-image\">                <a href=\"https:\/\/inter-faces.eu\/index.php\/portfolio-item\/la-bibliotheque-fil-elegante-et-minimale\/\" target=\"_self\">                    <img decoding=\"async\" src=\"https:\/\/inter-faces.eu\/wp-content\/uploads\/2024\/02\/1-1-99.jpg\" alt=\"La biblioth\u00e8que Fil, \u00e9l\u00e9gante et minimale &#8211; Ligne Roset\">                <\/a>            <\/div>        <\/div>        <div class=\"qodef-e-content\" style=\"margin:24px 0 30px 0px\">            <div class=\"qodef-e-text\">                <h4 class=\"qodef-e-title entry-title\">                    <a class=\"qodef-e-title-link\" href=\"https:\/\/inter-faces.eu\/index.php\/portfolio-item\/la-bibliotheque-fil-elegante-et-minimale\/\" target=\"_self\">La biblioth\u00e8que Fil, \u00e9l\u00e9gante et minimale &#8211; Ligne Roset<\/a>                <\/h4>            <\/div>            <div class=\"qodef-e-top-holder\">                <div class=\"qodef-e-info\">                    <span class=\"qodef-category-list\">Biblioth\u00e8ques, Ligne Roset, Salon<\/span>                    <div class=\"qodef-info-separator-end\"><\/div>                <\/div>            <\/div>        <\/div>    <\/div><\/article><article class=\"qodef-e qodef-grid-item qodef-item--full post-12047 portfolio-item type-portfolio-item\">    <div class=\"qodef-e-inner\">        <div class=\"qodef-e-image\">            <div class=\"qodef-e-media-image\">                <a href=\"https:\/\/inter-faces.eu\/index.php\/portfolio-item\/pumpkin-le-canape-contemporain-reedite-par-ligne-roset\/\" target=\"_self\">                    <img decoding=\"async\" src=\"https:\/\/inter-faces.eu\/wp-content\/uploads\/2024\/02\/1-1-97.jpg\" alt=\"Pumpkin, le fauteuil de Pierre Paulin r\u00e9\u00e9dit\u00e9 par Ligne Roset\">                <\/a>            <\/div>        <\/div>        <div class=\"qodef-e-content\" style=\"margin:24px 0 30px 0px\">            <div class=\"qodef-e-text\">                <h4 class=\"qodef-e-title entry-title\">                    <a class=\"qodef-e-title-link\" href=\"https:\/\/inter-faces.eu\/index.php\/portfolio-item\/pumpkin-le-canape-contemporain-reedite-par-ligne-roset\/\" target=\"_self\">Pumpkin, le fauteuil de Pierre Paulin r\u00e9\u00e9dit\u00e9 par Ligne Roset<\/a>                <\/h4>            <\/div>            <div class=\"qodef-e-top-holder\">                <div class=\"qodef-e-info\">                    <span class=\"qodef-category-list\">Fauteuils confort, Ligne Roset, Salon<\/span>                    <div class=\"qodef-info-separator-end\"><\/div>                <\/div>            <\/div>        <\/div>    <\/div><\/article><article class=\"qodef-e qodef-grid-item qodef-item--full post-12049 portfolio-item type-portfolio-item\">    <div class=\"qodef-e-inner\">        <div class=\"qodef-e-image\">            <div class=\"qodef-e-media-image\">                <a href=\"https:\/\/inter-faces.eu\/index.php\/portfolio-item\/cm131-la-chaise-signee-pierre-paulin-reeditee-par-ligne-roset\/\" target=\"_self\">                    <img decoding=\"async\" src=\"https:\/\/inter-faces.eu\/wp-content\/uploads\/2024\/02\/1-1-95.jpg\" alt=\"CM131, la chaise sign\u00e9e Pierre Paulin r\u00e9\u00e9dit\u00e9e par Ligne Roset\">                <\/a>            <\/div>        <\/div>        <div class=\"qodef-e-content\" style=\"margin:24px 0 30px 0px\">            <div class=\"qodef-e-text\">                <h4 class=\"qodef-e-title entry-title\">                    <a class=\"qodef-e-title-link\" href=\"https:\/\/inter-faces.eu\/index.php\/portfolio-item\/cm131-la-chaise-signee-pierre-paulin-reeditee-par-ligne-roset\/\" target=\"_self\">CM131, la chaise sign\u00e9e Pierre Paulin r\u00e9\u00e9dit\u00e9e par Ligne Roset<\/a>                <\/h4>            <\/div>            <div class=\"qodef-e-top-holder\">                <div class=\"qodef-e-info\">                    <span class=\"qodef-category-list\">Chaises, Ligne Roset, Salon<\/span>                    <div class=\"qodef-info-separator-end\"><\/div>                <\/div>            <\/div>        <\/div>    <\/div><\/article><article class=\"qodef-e qodef-grid-item qodef-item--full post-12050 portfolio-item type-portfolio-item\">    <div class=\"qodef-e-inner\">        <div class=\"qodef-e-image\">            <div class=\"qodef-e-media-image\">                <a href=\"https:\/\/inter-faces.eu\/index.php\/portfolio-item\/le-fauteuil-anda-de-pierre-paulin-pour-ligne-roset\/\" target=\"_self\">                    <img decoding=\"async\" src=\"https:\/\/inter-faces.eu\/wp-content\/uploads\/2024\/02\/1-1-94.jpg\" alt=\"Le fauteuil Anda de Pierre Paulin pour Ligne Roset\">                <\/a>            <\/div>        <\/div>        <div class=\"qodef-e-content\" style=\"margin:24px 0 30px 0px\">            <div class=\"qodef-e-text\">                <h4 class=\"qodef-e-title entry-title\">                    <a class=\"qodef-e-title-link\" href=\"https:\/\/inter-faces.eu\/index.php\/portfolio-item\/le-fauteuil-anda-de-pierre-paulin-pour-ligne-roset\/\" target=\"_self\">Le fauteuil Anda de Pierre Paulin pour Ligne Roset<\/a>                <\/h4>            <\/div>            <div class=\"qodef-e-top-holder\">                <div class=\"qodef-e-info\">                    <span class=\"qodef-category-list\">Fauteuils confort, Ligne Roset, Salon<\/span>                    <div class=\"qodef-info-separator-end\"><\/div>                <\/div>            <\/div>        <\/div>    <\/div><\/article><\/div><\/div><\/div><\/div><\/div><\/div><\/div><\/section>\n<\/div>\n\t\t\t\t<\/div>\n\t\t\t\t<\/div>\n\t\t\t\t<\/div>\n\t\t\t\t<\/div>\n\t\t<button class=\"simplefavorite-button\" data-postid=\"12050\" data-siteid=\"1\" data-groupid=\"1\" data-favoritecount=\"1\" style=\"\">Ajouter \u00e0 ma liste d'envies <i class=\"fa-solid fa-heart\"><\/i><\/button>","protected":false},"excerpt":{"rendered":"<p>Ligne Roset Pierre Paulin N\u00e9 en 1927 \u00e0 Paris, d\u00e9bute dans les ann\u00e9es 50, remarqu\u00e9 par ses cr\u00e9ations et installations (TV, Thonet, Bertrand Faure, Disderot et Artifort), il fait entrer la modernit\u00e9 \u00e0 l\u2019Elys\u00e9e en 1972 pour le Pr\u00e9sident Pompidou, il cr\u00e9e tous les meubles du bureau officiel de F. Mitterrand, il r\u00e9nove la salle [&hellip;]<\/p>\n","protected":false},"author":1,"featured_media":0,"parent":0,"menu_order":0,"comment_status":"closed","ping_status":"closed","template":"","meta":{"footnotes":""},"yoast_head":"<!-- This site is optimized with the Yoast SEO plugin v22.6 - https:\/\/yoast.com\/wordpress\/plugins\/seo\/ -->\n<title>Ligne Roset - Paulin - Inter-Faces<\/title>\n<meta name=\"robots\" content=\"index, follow, max-snippet:-1, max-image-preview:large, max-video-preview:-1\" \/>\n<link rel=\"canonical\" href=\"https:\/\/inter-faces.eu\/index.php\/ligne-roset-paulin\/\" \/>\n<meta property=\"og:locale\" content=\"fr_FR\" \/>\n<meta property=\"og:type\" content=\"article\" \/>\n<meta property=\"og:title\" content=\"Ligne Roset - Paulin - Inter-Faces\" \/>\n<meta property=\"og:description\" content=\"Ligne Roset Pierre Paulin N\u00e9 en 1927 \u00e0 Paris, d\u00e9bute dans les ann\u00e9es 50, remarqu\u00e9 par ses cr\u00e9ations et installations (TV, Thonet, Bertrand Faure, Disderot et Artifort), il fait entrer la modernit\u00e9 \u00e0 l\u2019Elys\u00e9e en 1972 pour le Pr\u00e9sident Pompidou, il cr\u00e9e tous les meubles du bureau officiel de F. Mitterrand, il r\u00e9nove la salle [&hellip;]\" \/>\n<meta property=\"og:url\" content=\"https:\/\/inter-faces.eu\/index.php\/ligne-roset-paulin\/\" \/>\n<meta property=\"og:site_name\" content=\"Inter-Faces\" \/>\n<meta property=\"article:publisher\" content=\"https:\/\/www.facebook.com\/interfacestoulon\" \/>\n<meta property=\"article:modified_time\" content=\"2024-09-25T14:55:51+00:00\" \/>\n<meta property=\"og:image\" content=\"https:\/\/inter-faces.eu\/wp-content\/uploads\/2024\/02\/pierre-paulin.jpg\" \/>\n<meta name=\"twitter:card\" content=\"summary_large_image\" \/>\n<meta name=\"twitter:label1\" content=\"Dur\u00e9e de lecture estim\u00e9e\" \/>\n\t<meta name=\"twitter:data1\" content=\"3 minutes\" \/>\n<script type=\"application\/ld+json\" class=\"yoast-schema-graph\">{\"@context\":\"https:\/\/schema.org\",\"@graph\":[{\"@type\":\"WebPage\",\"@id\":\"https:\/\/inter-faces.eu\/index.php\/ligne-roset-paulin\/\",\"url\":\"https:\/\/inter-faces.eu\/index.php\/ligne-roset-paulin\/\",\"name\":\"Ligne Roset - Paulin - Inter-Faces\",\"isPartOf\":{\"@id\":\"https:\/\/inter-faces.eu\/#website\"},\"primaryImageOfPage\":{\"@id\":\"https:\/\/inter-faces.eu\/index.php\/ligne-roset-paulin\/#primaryimage\"},\"image\":{\"@id\":\"https:\/\/inter-faces.eu\/index.php\/ligne-roset-paulin\/#primaryimage\"},\"thumbnailUrl\":\"https:\/\/inter-faces.eu\/wp-content\/uploads\/2024\/02\/pierre-paulin.jpg\",\"datePublished\":\"2024-02-26T15:32:18+00:00\",\"dateModified\":\"2024-09-25T14:55:51+00:00\",\"breadcrumb\":{\"@id\":\"https:\/\/inter-faces.eu\/index.php\/ligne-roset-paulin\/#breadcrumb\"},\"inLanguage\":\"fr-FR\",\"potentialAction\":[{\"@type\":\"ReadAction\",\"target\":[\"https:\/\/inter-faces.eu\/index.php\/ligne-roset-paulin\/\"]}]},{\"@type\":\"ImageObject\",\"inLanguage\":\"fr-FR\",\"@id\":\"https:\/\/inter-faces.eu\/index.php\/ligne-roset-paulin\/#primaryimage\",\"url\":\"https:\/\/inter-faces.eu\/wp-content\/uploads\/2024\/02\/pierre-paulin.jpg\",\"contentUrl\":\"https:\/\/inter-faces.eu\/wp-content\/uploads\/2024\/02\/pierre-paulin.jpg\",\"width\":600,\"height\":258},{\"@type\":\"BreadcrumbList\",\"@id\":\"https:\/\/inter-faces.eu\/index.php\/ligne-roset-paulin\/#breadcrumb\",\"itemListElement\":[{\"@type\":\"ListItem\",\"position\":1,\"name\":\"Accueil\",\"item\":\"https:\/\/inter-faces.eu\/\"},{\"@type\":\"ListItem\",\"position\":2,\"name\":\"Ligne Roset &#8211; Paulin\"}]},{\"@type\":\"WebSite\",\"@id\":\"https:\/\/inter-faces.eu\/#website\",\"url\":\"https:\/\/inter-faces.eu\/\",\"name\":\"Inter-Faces\",\"description\":\"\",\"publisher\":{\"@id\":\"https:\/\/inter-faces.eu\/#organization\"},\"potentialAction\":[{\"@type\":\"SearchAction\",\"target\":{\"@type\":\"EntryPoint\",\"urlTemplate\":\"https:\/\/inter-faces.eu\/?s={search_term_string}\"},\"query-input\":\"required name=search_term_string\"}],\"inLanguage\":\"fr-FR\"},{\"@type\":\"Organization\",\"@id\":\"https:\/\/inter-faces.eu\/#organization\",\"name\":\"Inter-Faces\",\"url\":\"https:\/\/inter-faces.eu\/\",\"logo\":{\"@type\":\"ImageObject\",\"inLanguage\":\"fr-FR\",\"@id\":\"https:\/\/inter-faces.eu\/#\/schema\/logo\/image\/\",\"url\":\"https:\/\/inter-faces.eu\/wp-content\/uploads\/2024\/02\/logo.png\",\"contentUrl\":\"https:\/\/inter-faces.eu\/wp-content\/uploads\/2024\/02\/logo.png\",\"width\":400,\"height\":155,\"caption\":\"Inter-Faces\"},\"image\":{\"@id\":\"https:\/\/inter-faces.eu\/#\/schema\/logo\/image\/\"},\"sameAs\":[\"https:\/\/www.facebook.com\/interfacestoulon\",\"https:\/\/www.instagram.com\/inter_faces_mobilier\",\"https:\/\/www.youtube.com\/user\/interfacesmc\"]}]}<\/script>\n<!-- \/ Yoast SEO plugin. -->","yoast_head_json":{"title":"Ligne Roset - Paulin - Inter-Faces","robots":{"index":"index","follow":"follow","max-snippet":"max-snippet:-1","max-image-preview":"max-image-preview:large","max-video-preview":"max-video-preview:-1"},"canonical":"https:\/\/inter-faces.eu\/index.php\/ligne-roset-paulin\/","og_locale":"fr_FR","og_type":"article","og_title":"Ligne Roset - Paulin - Inter-Faces","og_description":"Ligne Roset Pierre Paulin N\u00e9 en 1927 \u00e0 Paris, d\u00e9bute dans les ann\u00e9es 50, remarqu\u00e9 par ses cr\u00e9ations et installations (TV, Thonet, Bertrand Faure, Disderot et Artifort), il fait entrer la modernit\u00e9 \u00e0 l\u2019Elys\u00e9e en 1972 pour le Pr\u00e9sident Pompidou, il cr\u00e9e tous les meubles du bureau officiel de F. Mitterrand, il r\u00e9nove la salle [&hellip;]","og_url":"https:\/\/inter-faces.eu\/index.php\/ligne-roset-paulin\/","og_site_name":"Inter-Faces","article_publisher":"https:\/\/www.facebook.com\/interfacestoulon","article_modified_time":"2024-09-25T14:55:51+00:00","og_image":[{"url":"https:\/\/inter-faces.eu\/wp-content\/uploads\/2024\/02\/pierre-paulin.jpg"}],"twitter_card":"summary_large_image","twitter_misc":{"Dur\u00e9e de lecture estim\u00e9e":"3 minutes"},"schema":{"@context":"https:\/\/schema.org","@graph":[{"@type":"WebPage","@id":"https:\/\/inter-faces.eu\/index.php\/ligne-roset-paulin\/","url":"https:\/\/inter-faces.eu\/index.php\/ligne-roset-paulin\/","name":"Ligne Roset - Paulin - Inter-Faces","isPartOf":{"@id":"https:\/\/inter-faces.eu\/#website"},"primaryImageOfPage":{"@id":"https:\/\/inter-faces.eu\/index.php\/ligne-roset-paulin\/#primaryimage"},"image":{"@id":"https:\/\/inter-faces.eu\/index.php\/ligne-roset-paulin\/#primaryimage"},"thumbnailUrl":"https:\/\/inter-faces.eu\/wp-content\/uploads\/2024\/02\/pierre-paulin.jpg","datePublished":"2024-02-26T15:32:18+00:00","dateModified":"2024-09-25T14:55:51+00:00","breadcrumb":{"@id":"https:\/\/inter-faces.eu\/index.php\/ligne-roset-paulin\/#breadcrumb"},"inLanguage":"fr-FR","potentialAction":[{"@type":"ReadAction","target":["https:\/\/inter-faces.eu\/index.php\/ligne-roset-paulin\/"]}]},{"@type":"ImageObject","inLanguage":"fr-FR","@id":"https:\/\/inter-faces.eu\/index.php\/ligne-roset-paulin\/#primaryimage","url":"https:\/\/inter-faces.eu\/wp-content\/uploads\/2024\/02\/pierre-paulin.jpg","contentUrl":"https:\/\/inter-faces.eu\/wp-content\/uploads\/2024\/02\/pierre-paulin.jpg","width":600,"height":258},{"@type":"BreadcrumbList","@id":"https:\/\/inter-faces.eu\/index.php\/ligne-roset-paulin\/#breadcrumb","itemListElement":[{"@type":"ListItem","position":1,"name":"Accueil","item":"https:\/\/inter-faces.eu\/"},{"@type":"ListItem","position":2,"name":"Ligne Roset &#8211; Paulin"}]},{"@type":"WebSite","@id":"https:\/\/inter-faces.eu\/#website","url":"https:\/\/inter-faces.eu\/","name":"Inter-Faces","description":"","publisher":{"@id":"https:\/\/inter-faces.eu\/#organization"},"potentialAction":[{"@type":"SearchAction","target":{"@type":"EntryPoint","urlTemplate":"https:\/\/inter-faces.eu\/?s={search_term_string}"},"query-input":"required name=search_term_string"}],"inLanguage":"fr-FR"},{"@type":"Organization","@id":"https:\/\/inter-faces.eu\/#organization","name":"Inter-Faces","url":"https:\/\/inter-faces.eu\/","logo":{"@type":"ImageObject","inLanguage":"fr-FR","@id":"https:\/\/inter-faces.eu\/#\/schema\/logo\/image\/","url":"https:\/\/inter-faces.eu\/wp-content\/uploads\/2024\/02\/logo.png","contentUrl":"https:\/\/inter-faces.eu\/wp-content\/uploads\/2024\/02\/logo.png","width":400,"height":155,"caption":"Inter-Faces"},"image":{"@id":"https:\/\/inter-faces.eu\/#\/schema\/logo\/image\/"},"sameAs":["https:\/\/www.facebook.com\/interfacestoulon","https:\/\/www.instagram.com\/inter_faces_mobilier","https:\/\/www.youtube.com\/user\/interfacesmc"]}]}},"_links":{"self":[{"href":"https:\/\/inter-faces.eu\/index.php\/wp-json\/wp\/v2\/pages\/13775"}],"collection":[{"href":"https:\/\/inter-faces.eu\/index.php\/wp-json\/wp\/v2\/pages"}],"about":[{"href":"https:\/\/inter-faces.eu\/index.php\/wp-json\/wp\/v2\/types\/page"}],"author":[{"embeddable":true,"href":"https:\/\/inter-faces.eu\/index.php\/wp-json\/wp\/v2\/users\/1"}],"replies":[{"embeddable":true,"href":"https:\/\/inter-faces.eu\/index.php\/wp-json\/wp\/v2\/comments?post=13775"}],"version-history":[{"count":13,"href":"https:\/\/inter-faces.eu\/index.php\/wp-json\/wp\/v2\/pages\/13775\/revisions"}],"predecessor-version":[{"id":17006,"href":"https:\/\/inter-faces.eu\/index.php\/wp-json\/wp\/v2\/pages\/13775\/revisions\/17006"}],"wp:attachment":[{"href":"https:\/\/inter-faces.eu\/index.php\/wp-json\/wp\/v2\/media?parent=13775"}],"curies":[{"name":"wp","href":"https:\/\/api.w.org\/{rel}","templated":true}]}}