{"id":11683,"date":"2024-02-14T18:02:43","date_gmt":"2024-02-14T17:02:43","guid":{"rendered":"https:\/\/romainleny-dev.com\/?page_id=11683"},"modified":"2024-06-13T17:44:44","modified_gmt":"2024-06-13T15:44:44","slug":"informations-legales","status":"publish","type":"page","link":"https:\/\/inter-faces.eu\/index.php\/informations-legales\/","title":{"rendered":"Informations l\u00e9gales"},"content":{"rendered":"\t\t<div data-elementor-type=\"wp-page\" data-elementor-id=\"11683\" class=\"elementor elementor-11683\" data-elementor-post-type=\"page\">\n\t\t\t\t<div class=\"elementor-element elementor-element-649c2197 e-con-full e-flex e-con e-parent\" data-id=\"649c2197\" data-element_type=\"container\" data-core-v316-plus=\"true\">\n\t\t\t\t<div class=\"elementor-element elementor-element-3c1accde elementor-widget elementor-widget-hiroshi_core_section_title\" data-id=\"3c1accde\" data-element_type=\"widget\" data-widget_type=\"hiroshi_core_section_title.default\">\n\t\t\t\t<div class=\"elementor-widget-container\">\n\t\t\t<div class=\"qodef-shortcode qodef-m  qodef-section-title qodef-alignment--left \">\n\t\t<h1 class=\"qodef-m-title\" >\n\t\t\t\t\tInformations l\u00e9gales\t\t\t<\/h1>\n\t<\/div>\n\t\t<\/div>\n\t\t\t\t<\/div>\n\t\t\t\t<\/div>\n\t\t<div class=\"elementor-element elementor-element-591573e e-con-full e-flex e-con e-parent\" data-id=\"591573e\" data-element_type=\"container\" data-core-v316-plus=\"true\">\n\t\t\t\t<div class=\"elementor-element elementor-element-4396cfb elementor-widget elementor-widget-text-editor\" data-id=\"4396cfb\" data-element_type=\"widget\" data-widget_type=\"text-editor.default\">\n\t\t\t\t<div class=\"elementor-widget-container\">\n\t\t\t<style>\/*! elementor - v3.20.0 - 20-03-2024 *\/\n.elementor-widget-text-editor.elementor-drop-cap-view-stacked .elementor-drop-cap{background-color:#69727d;color:#fff}.elementor-widget-text-editor.elementor-drop-cap-view-framed .elementor-drop-cap{color:#69727d;border:3px solid;background-color:transparent}.elementor-widget-text-editor:not(.elementor-drop-cap-view-default) .elementor-drop-cap{margin-top:8px}.elementor-widget-text-editor:not(.elementor-drop-cap-view-default) .elementor-drop-cap-letter{width:1em;height:1em}.elementor-widget-text-editor .elementor-drop-cap{float:left;text-align:center;line-height:1;font-size:50px}.elementor-widget-text-editor .elementor-drop-cap-letter{display:inline-block}<\/style>\t\t\t\t<h5 class=\"weight-bold mt-30 mb-10\"><strong>Propri\u00e9taire<\/strong><\/h5><div class=\"justifie\"><p>INTER-FACES est une SARL au capital social de 7 665 \u20ac<br \/>RCS\u00a0: Toulon B 408 591\u00a0246<br \/>SIRET : 408 591 246 000 33<br \/>APE : 4778C<br \/>N\u00b0TVA intracommunautaire : FR 76\u00a0408 591\u00a0246<br \/>Si\u00e8ge Social 5 avenue Fran\u00e7ois Cuzin, 83000\u00a0Toulon<br \/>T\u00e9l. +33 (0)4 98 00 65 75<br \/>Email : contact@inter-faces.eu<br \/>Site web : www.inter-faces.eu<br \/>Responsable de publication\u00a0: Fr\u00e9d\u00e9ric Weeger<\/p><\/div><h5 class=\"weight-bold mt-20 mb-10\"><b>H\u00e9bergement<\/b><\/h5><div class=\"justifie\"><p>Le nom de domaine est g\u00e9r\u00e9 par Amen, et le site web est h\u00e9berg\u00e9 par Hostinger.<\/p><p>AMEN:<br \/>12-14 Rond-Point des Champs-\u00c9lys\u00e9es<br \/>78008 Paris<\/p><\/div><p>HOSTINGER:<\/p><p>\u0160vitrigailos str. 34, Vilnius<\/p><p>03230 Lithuania<\/p><h5 class=\"weight-bold mt-20 mb-10\"><b>Conception du site<\/b><\/h5><div class=\"justifie\"><p>Romain LE NY<br \/>113 boulevard boisson<br \/>13004 Marseille<br \/>T\u00e9l. 06 70 67 57 64<br \/>Email : lenyromain1@gmail.com<\/p><\/div><h5 class=\"weight-bold mt-20 mb-10\"><b>Informations et libert\u00e9s<\/b><\/h5><div class=\"justifie\"><p>Conform\u00e9ment aux dispositions de l\u2019article 34 de la loi \u00ab Informatique et Libert\u00e9s \u00bb du 6 janvier 1978, vous disposez d\u2019un droit d\u2019acc\u00e8s \u00e0 vos donn\u00e9es. Pour exercer votre droit d\u2019acc\u00e8s et de rectification en application de l\u2019article 34 de la loi \u00ab Informatique et Libert\u00e9 \u00bb du 6 janvier 1978, vous pouvez nous adresser un email \u00e0 contact@inter-faces.eu<br \/>Le site internet Inter-Faces collecte des donn\u00e9es \u00e0 caract\u00e8re personnel relatives \u00e0 ses utilisateurs dans les cadres d\u00e9crits ci-dessous. Les donn\u00e9es collect\u00e9es sont uniquement celles renseign\u00e9es par l\u2019utilisateur qui utilise ces services, except\u00e9 l\u2019adresse IP qui est enregistr\u00e9e pour la gestion des cookies.<br \/>&#8211; Le formulaire d\u2019inscription \u00e0 la newsletter\u00a0: les donn\u00e9es sont conserv\u00e9es dans une base de donn\u00e9es et ne servent que dans le cadre d\u2019envois de courriels. Vous avez la possibilit\u00e9 de vous d\u00e9sabonner de ces newsletters propos\u00e9es par www.inter-faces.eu en cliquant sur le lien pr\u00e9vu en bas de page dans la derni\u00e8re newsletter re\u00e7ue.<br \/>&#8211; Les donn\u00e9es r\u00e9colt\u00e9es en magasin sont conserv\u00e9es dans une base de donn\u00e9es apr\u00e8s l\u2019accord du client, dans un cadre d\u2019\u00e9change de courriel ou t\u00e9l\u00e9phonique.<\/p><\/div><h5 class=\"weight-bold mt-20 mb-10\"><b>Propri\u00e9t\u00e9 intellectuelle<\/b><\/h5><div class=\"justifie\"><p>Toute reproduction, distribution, modification, adaptation, retransmission ou publication, m\u00eame partielle, est strictement interdite sans l&rsquo;accord de l\u2019exploitant du site internet. Cette repr\u00e9sentation ou reproduction, par quelque proc\u00e9d\u00e9 que ce soit, constitue une contrefa\u00e7on sanctionn\u00e9e par les articles L.335-2 et suivants du Code de la propri\u00e9t\u00e9 intellectuelle. Le non-respect de cette interdiction constitue une contrefa\u00e7on pouvant engager la responsabilit\u00e9 civile et p\u00e9nale. En outre, les propri\u00e9taires des contenus copi\u00e9s pourraient intenter une action en justice \u00e0 votre encontre.<\/p><\/div><h5 class=\"weight-bold mt-20 mb-10\"><b>Politique d&rsquo;utilisation des cookies<\/b><\/h5><div class=\"justifie\"><p>Inter-Faces est cr\u00e9\u00e9 avec WordPress qui utilise des cookies pour am\u00e9liorer l&rsquo;exp\u00e9rience utilisateur, faciliter la navigation sur le site, et pour certaines fonctionnalit\u00e9s basiques. Ces cookies sont essentiels au bon fonctionnement du site.<\/p><p>Le site peut \u00e9galement utiliser des cookies pour suivre les visites et am\u00e9liorer l&rsquo;exp\u00e9rience utilisateur.<\/p><\/div>\t\t\t\t\t\t<\/div>\n\t\t\t\t<\/div>\n\t\t\t\t<\/div>\n\t\t\t\t<\/div>\n\t\t","protected":false},"excerpt":{"rendered":"<p>Informations l\u00e9gales Propri\u00e9taire INTER-FACES est une SARL au capital social de 7 665 \u20acRCS\u00a0: Toulon B 408 591\u00a0246SIRET : 408 591 246 000 33APE : 4778CN\u00b0TVA intracommunautaire : FR 76\u00a0408 591\u00a0246Si\u00e8ge Social 5 avenue Fran\u00e7ois Cuzin, 83000\u00a0ToulonT\u00e9l. +33 (0)4 98 00 65 75Email : contact@inter-faces.euSite web : www.inter-faces.euResponsable de publication\u00a0: Fr\u00e9d\u00e9ric Weeger H\u00e9bergement Le nom [&hellip;]<\/p>\n","protected":false},"author":1,"featured_media":0,"parent":0,"menu_order":0,"comment_status":"closed","ping_status":"closed","template":"","meta":{"footnotes":""},"yoast_head":"<!-- This site is optimized with the Yoast SEO plugin v22.6 - https:\/\/yoast.com\/wordpress\/plugins\/seo\/ -->\n<title>Informations l\u00e9gales - Inter-Faces<\/title>\n<meta name=\"robots\" content=\"index, follow, max-snippet:-1, max-image-preview:large, max-video-preview:-1\" \/>\n<link rel=\"canonical\" href=\"https:\/\/inter-faces.eu\/index.php\/informations-legales\/\" \/>\n<meta property=\"og:locale\" content=\"fr_FR\" \/>\n<meta property=\"og:type\" content=\"article\" \/>\n<meta property=\"og:title\" content=\"Informations l\u00e9gales - Inter-Faces\" \/>\n<meta property=\"og:description\" content=\"Informations l\u00e9gales Propri\u00e9taire INTER-FACES est une SARL au capital social de 7 665 \u20acRCS\u00a0: Toulon B 408 591\u00a0246SIRET : 408 591 246 000 33APE : 4778CN\u00b0TVA intracommunautaire : FR 76\u00a0408 591\u00a0246Si\u00e8ge Social 5 avenue Fran\u00e7ois Cuzin, 83000\u00a0ToulonT\u00e9l. +33 (0)4 98 00 65 75Email : contact@inter-faces.euSite web : www.inter-faces.euResponsable de publication\u00a0: Fr\u00e9d\u00e9ric Weeger H\u00e9bergement Le nom [&hellip;]\" \/>\n<meta property=\"og:url\" content=\"https:\/\/inter-faces.eu\/index.php\/informations-legales\/\" \/>\n<meta property=\"og:site_name\" content=\"Inter-Faces\" \/>\n<meta property=\"article:publisher\" content=\"https:\/\/www.facebook.com\/interfacestoulon\" \/>\n<meta property=\"article:modified_time\" content=\"2024-06-13T15:44:44+00:00\" \/>\n<meta name=\"twitter:card\" content=\"summary_large_image\" \/>\n<meta name=\"twitter:label1\" content=\"Dur\u00e9e de lecture estim\u00e9e\" \/>\n\t<meta name=\"twitter:data1\" content=\"3 minutes\" \/>\n<script type=\"application\/ld+json\" class=\"yoast-schema-graph\">{\"@context\":\"https:\/\/schema.org\",\"@graph\":[{\"@type\":\"WebPage\",\"@id\":\"https:\/\/inter-faces.eu\/index.php\/informations-legales\/\",\"url\":\"https:\/\/inter-faces.eu\/index.php\/informations-legales\/\",\"name\":\"Informations l\u00e9gales - Inter-Faces\",\"isPartOf\":{\"@id\":\"https:\/\/inter-faces.eu\/#website\"},\"datePublished\":\"2024-02-14T17:02:43+00:00\",\"dateModified\":\"2024-06-13T15:44:44+00:00\",\"breadcrumb\":{\"@id\":\"https:\/\/inter-faces.eu\/index.php\/informations-legales\/#breadcrumb\"},\"inLanguage\":\"fr-FR\",\"potentialAction\":[{\"@type\":\"ReadAction\",\"target\":[\"https:\/\/inter-faces.eu\/index.php\/informations-legales\/\"]}]},{\"@type\":\"BreadcrumbList\",\"@id\":\"https:\/\/inter-faces.eu\/index.php\/informations-legales\/#breadcrumb\",\"itemListElement\":[{\"@type\":\"ListItem\",\"position\":1,\"name\":\"Accueil\",\"item\":\"https:\/\/inter-faces.eu\/\"},{\"@type\":\"ListItem\",\"position\":2,\"name\":\"Informations l\u00e9gales\"}]},{\"@type\":\"WebSite\",\"@id\":\"https:\/\/inter-faces.eu\/#website\",\"url\":\"https:\/\/inter-faces.eu\/\",\"name\":\"Inter-Faces\",\"description\":\"\",\"publisher\":{\"@id\":\"https:\/\/inter-faces.eu\/#organization\"},\"potentialAction\":[{\"@type\":\"SearchAction\",\"target\":{\"@type\":\"EntryPoint\",\"urlTemplate\":\"https:\/\/inter-faces.eu\/?s={search_term_string}\"},\"query-input\":\"required name=search_term_string\"}],\"inLanguage\":\"fr-FR\"},{\"@type\":\"Organization\",\"@id\":\"https:\/\/inter-faces.eu\/#organization\",\"name\":\"Inter-Faces\",\"url\":\"https:\/\/inter-faces.eu\/\",\"logo\":{\"@type\":\"ImageObject\",\"inLanguage\":\"fr-FR\",\"@id\":\"https:\/\/inter-faces.eu\/#\/schema\/logo\/image\/\",\"url\":\"https:\/\/inter-faces.eu\/wp-content\/uploads\/2024\/02\/logo.png\",\"contentUrl\":\"https:\/\/inter-faces.eu\/wp-content\/uploads\/2024\/02\/logo.png\",\"width\":400,\"height\":155,\"caption\":\"Inter-Faces\"},\"image\":{\"@id\":\"https:\/\/inter-faces.eu\/#\/schema\/logo\/image\/\"},\"sameAs\":[\"https:\/\/www.facebook.com\/interfacestoulon\",\"https:\/\/www.instagram.com\/inter_faces_mobilier\",\"https:\/\/www.youtube.com\/user\/interfacesmc\"]}]}<\/script>\n<!-- \/ Yoast SEO plugin. -->","yoast_head_json":{"title":"Informations l\u00e9gales - Inter-Faces","robots":{"index":"index","follow":"follow","max-snippet":"max-snippet:-1","max-image-preview":"max-image-preview:large","max-video-preview":"max-video-preview:-1"},"canonical":"https:\/\/inter-faces.eu\/index.php\/informations-legales\/","og_locale":"fr_FR","og_type":"article","og_title":"Informations l\u00e9gales - Inter-Faces","og_description":"Informations l\u00e9gales Propri\u00e9taire INTER-FACES est une SARL au capital social de 7 665 \u20acRCS\u00a0: Toulon B 408 591\u00a0246SIRET : 408 591 246 000 33APE : 4778CN\u00b0TVA intracommunautaire : FR 76\u00a0408 591\u00a0246Si\u00e8ge Social 5 avenue Fran\u00e7ois Cuzin, 83000\u00a0ToulonT\u00e9l. +33 (0)4 98 00 65 75Email : contact@inter-faces.euSite web : www.inter-faces.euResponsable de publication\u00a0: Fr\u00e9d\u00e9ric Weeger H\u00e9bergement Le nom [&hellip;]","og_url":"https:\/\/inter-faces.eu\/index.php\/informations-legales\/","og_site_name":"Inter-Faces","article_publisher":"https:\/\/www.facebook.com\/interfacestoulon","article_modified_time":"2024-06-13T15:44:44+00:00","twitter_card":"summary_large_image","twitter_misc":{"Dur\u00e9e de lecture estim\u00e9e":"3 minutes"},"schema":{"@context":"https:\/\/schema.org","@graph":[{"@type":"WebPage","@id":"https:\/\/inter-faces.eu\/index.php\/informations-legales\/","url":"https:\/\/inter-faces.eu\/index.php\/informations-legales\/","name":"Informations l\u00e9gales - Inter-Faces","isPartOf":{"@id":"https:\/\/inter-faces.eu\/#website"},"datePublished":"2024-02-14T17:02:43+00:00","dateModified":"2024-06-13T15:44:44+00:00","breadcrumb":{"@id":"https:\/\/inter-faces.eu\/index.php\/informations-legales\/#breadcrumb"},"inLanguage":"fr-FR","potentialAction":[{"@type":"ReadAction","target":["https:\/\/inter-faces.eu\/index.php\/informations-legales\/"]}]},{"@type":"BreadcrumbList","@id":"https:\/\/inter-faces.eu\/index.php\/informations-legales\/#breadcrumb","itemListElement":[{"@type":"ListItem","position":1,"name":"Accueil","item":"https:\/\/inter-faces.eu\/"},{"@type":"ListItem","position":2,"name":"Informations l\u00e9gales"}]},{"@type":"WebSite","@id":"https:\/\/inter-faces.eu\/#website","url":"https:\/\/inter-faces.eu\/","name":"Inter-Faces","description":"","publisher":{"@id":"https:\/\/inter-faces.eu\/#organization"},"potentialAction":[{"@type":"SearchAction","target":{"@type":"EntryPoint","urlTemplate":"https:\/\/inter-faces.eu\/?s={search_term_string}"},"query-input":"required name=search_term_string"}],"inLanguage":"fr-FR"},{"@type":"Organization","@id":"https:\/\/inter-faces.eu\/#organization","name":"Inter-Faces","url":"https:\/\/inter-faces.eu\/","logo":{"@type":"ImageObject","inLanguage":"fr-FR","@id":"https:\/\/inter-faces.eu\/#\/schema\/logo\/image\/","url":"https:\/\/inter-faces.eu\/wp-content\/uploads\/2024\/02\/logo.png","contentUrl":"https:\/\/inter-faces.eu\/wp-content\/uploads\/2024\/02\/logo.png","width":400,"height":155,"caption":"Inter-Faces"},"image":{"@id":"https:\/\/inter-faces.eu\/#\/schema\/logo\/image\/"},"sameAs":["https:\/\/www.facebook.com\/interfacestoulon","https:\/\/www.instagram.com\/inter_faces_mobilier","https:\/\/www.youtube.com\/user\/interfacesmc"]}]}},"_links":{"self":[{"href":"https:\/\/inter-faces.eu\/index.php\/wp-json\/wp\/v2\/pages\/11683"}],"collection":[{"href":"https:\/\/inter-faces.eu\/index.php\/wp-json\/wp\/v2\/pages"}],"about":[{"href":"https:\/\/inter-faces.eu\/index.php\/wp-json\/wp\/v2\/types\/page"}],"author":[{"embeddable":true,"href":"https:\/\/inter-faces.eu\/index.php\/wp-json\/wp\/v2\/users\/1"}],"replies":[{"embeddable":true,"href":"https:\/\/inter-faces.eu\/index.php\/wp-json\/wp\/v2\/comments?post=11683"}],"version-history":[{"count":16,"href":"https:\/\/inter-faces.eu\/index.php\/wp-json\/wp\/v2\/pages\/11683\/revisions"}],"predecessor-version":[{"id":15796,"href":"https:\/\/inter-faces.eu\/index.php\/wp-json\/wp\/v2\/pages\/11683\/revisions\/15796"}],"wp:attachment":[{"href":"https:\/\/inter-faces.eu\/index.php\/wp-json\/wp\/v2\/media?parent=11683"}],"curies":[{"name":"wp","href":"https:\/\/api.w.org\/{rel}","templated":true}]}}